{"id":809,"date":"2021-05-13T10:54:05","date_gmt":"2021-05-13T10:54:05","guid":{"rendered":"http:\/\/sscspark.com\/?page_id=809"},"modified":"2022-03-04T09:06:07","modified_gmt":"2022-03-04T09:06:07","slug":"donations","status":"publish","type":"page","link":"https:\/\/sscspark.com\/?page_id=809&lang=en","title":{"rendered":"Donations"},"content":{"rendered":"<p><strong>Painting purchase and auction<\/strong><\/p>\n<h1 style=\"text-align: center;\"><a href=\"http:\/\/sscspark.com\/?page_id=44\">CLICK HERE TO ORDER PAINTINGS<\/a><\/h1>\n<p>&nbsp;<\/p>\n<p>&nbsp;<\/p>\n<p>In 2022 the Hungarian Scouts Association in Exteris has reached the 77<sup>th<\/sup> year milestone.<\/p>\n<p><em>We are proud that through so many years our Association is not only viable but an example for future Hungarian generations!<\/em><\/p>\n<p><em>\u00a0<\/em><\/p>\n<p>Our youth expanded their knowledge in scouting, Hungarian literature, history, geography, folk culture and life values. Our yearly obstacle competitions, summer and jubilee camps attest to excellent leadership training. We also kept close ties and exchanges with other Hungarian scout associations in today\u2019s Slovakia, Ukraine, Serbia and Romania.<\/p>\n<h5><span style=\"color: #008000;\">Donations to help further develop the S\u00e1ndor S\u00edk Hungarian Scout Park can easily be made with your creditcard by pressing the Donate button above.<\/span><\/h5>\n<form action=\"https:\/\/www.paypal.com\/cgi-bin\/webscr\" method=\"post\" target=\"_top\"><input name=\"cmd\" type=\"hidden\" value=\"_s-xclick\" \/><br \/>\n<input name=\"hosted_button_id\" type=\"hidden\" value=\"SU6K8MVEHHXL4\" \/><br \/>\n<input title=\"PayPal - The safer, easier way to pay online!\" alt=\"Donate with PayPal button\" name=\"submit\" src=\"https:\/\/www.paypalobjects.com\/en_US\/i\/btn\/btn_donateCC_LG.gif\" type=\"image\" \/>\u00a0<\/form>\n<h5><\/h5>\n<h5><span style=\"color: #008000;\">Checks can be made out and sent to the following address:<\/span><\/h5>\n<h5><span style=\"color: #ff0000;\"><strong>Hungarian Scout Fund,\u00a0P.O. Box\u00a0771571, Lakewood OH 44107.<\/strong>\u00a0\u00a0Memo:\u00a0\u00a0S.S. Scout Park<\/span><\/h5>\n<p><span style=\"color: #ff0000;\">\u00a0<\/span><span style=\"color: #0000ff;\">\u00a0\u00a0\u00a0\u00a0\u00a0\u00a0\u00a0\u00a0\u00a0\u00a0\u00a0\u00a0\u00a0\u00a0\u00a0\u00a0\u00a0\u00a0\u00a0\u00a0\u00a0\u00a0\u00a0\u00a0\u00a0\u00a0\u00a0\u00a0\u00a0\u00a0\u00a0\u00a0\u00a0\u00a0\u00a0\u00a0\u00a0\u00a0\u00a0\u00a0\u00a0\u00a0\u00a0<\/span><\/p>\n<p><a href=\"http:\/\/sscspark.com\/wp-content\/uploads\/2012\/03\/Sik-Sandor-Cs.park-aug.-2013-135.jpg\"><img loading=\"lazy\" decoding=\"async\" class=\"size-large wp-image-555 aligncenter\" style=\"width: 768px; height: 610px;\" src=\"http:\/\/sscspark.com\/wp-content\/uploads\/2012\/03\/Sik-Sandor-Cs.park-aug.-2013-135-1024x768.jpg\" alt=\"Az \u00faj seg\u00e9dtisztk\u00e9pz\u0151 barakk 2013-ban \u00e9p\u00fclt a be\u00e9rkezet adom\u00e1nyokb\u00f3l. The new assistant troopleaders training barrack was built in 2013 with donated funds.\" width=\"640\" height=\"480\" srcset=\"https:\/\/sscspark.com\/wp-content\/uploads\/2012\/03\/Sik-Sandor-Cs.park-aug.-2013-135-1024x768.jpg 1024w, https:\/\/sscspark.com\/wp-content\/uploads\/2012\/03\/Sik-Sandor-Cs.park-aug.-2013-135-300x225.jpg 300w, https:\/\/sscspark.com\/wp-content\/uploads\/2012\/03\/Sik-Sandor-Cs.park-aug.-2013-135-150x112.jpg 150w, https:\/\/sscspark.com\/wp-content\/uploads\/2012\/03\/Sik-Sandor-Cs.park-aug.-2013-135-400x300.jpg 400w, https:\/\/sscspark.com\/wp-content\/uploads\/2012\/03\/Sik-Sandor-Cs.park-aug.-2013-135.jpg 2048w\" sizes=\"auto, (max-width: 640px) 100vw, 640px\" \/><\/a><\/p>\n<div style=\"text-align: center;\">\n<dl id=\"attachment_555\">\n<dt><\/dt>\n<dd><strong>The new assistant troopleaders training barrack was built in 2013 with donated funds.<\/strong><\/dd>\n<\/dl>\n<\/div>\n<p><span style=\"color: #0000ff;\">\u00a0<\/span><\/p>\n","protected":false},"excerpt":{"rendered":"<p>Painting purchase and auction CLICK HERE TO ORDER PAINTINGS &nbsp; &nbsp; In 2022 the Hungarian Scouts Association in Exteris has reached the [&hellip;]<\/p>\n","protected":false},"author":1,"featured_media":0,"parent":0,"menu_order":0,"comment_status":"closed","ping_status":"closed","template":"","meta":{"footnotes":""},"class_list":["post-809","page","type-page","status-publish","hentry"],"_links":{"self":[{"href":"https:\/\/sscspark.com\/index.php?rest_route=\/wp\/v2\/pages\/809","targetHints":{"allow":["GET"]}}],"collection":[{"href":"https:\/\/sscspark.com\/index.php?rest_route=\/wp\/v2\/pages"}],"about":[{"href":"https:\/\/sscspark.com\/index.php?rest_route=\/wp\/v2\/types\/page"}],"author":[{"embeddable":true,"href":"https:\/\/sscspark.com\/index.php?rest_route=\/wp\/v2\/users\/1"}],"replies":[{"embeddable":true,"href":"https:\/\/sscspark.com\/index.php?rest_route=%2Fwp%2Fv2%2Fcomments&post=809"}],"version-history":[{"count":14,"href":"https:\/\/sscspark.com\/index.php?rest_route=\/wp\/v2\/pages\/809\/revisions"}],"predecessor-version":[{"id":1236,"href":"https:\/\/sscspark.com\/index.php?rest_route=\/wp\/v2\/pages\/809\/revisions\/1236"}],"wp:attachment":[{"href":"https:\/\/sscspark.com\/index.php?rest_route=%2Fwp%2Fv2%2Fmedia&parent=809"}],"curies":[{"name":"wp","href":"https:\/\/api.w.org\/{rel}","templated":true}]}}