{"id":38,"date":"2012-03-16T04:30:30","date_gmt":"2012-03-16T04:30:30","guid":{"rendered":"http:\/\/sscspark.com\/?page_id=38"},"modified":"2022-03-11T08:03:11","modified_gmt":"2022-03-11T08:03:11","slug":"ki-volt-sik-sandor-who-was-sandor-sik","status":"publish","type":"page","link":"https:\/\/sscspark.com\/?page_id=38","title":{"rendered":"(ARCHIV)_Ki volt S\u00edk S\u00e1ndor?"},"content":{"rendered":"<h3><span style=\"color: #008000;\"><a href=\"http:\/\/sscspark.com\/wp-content\/uploads\/2012\/03\/Sik-Sandor-bio..jpg\"><img loading=\"lazy\" decoding=\"async\" class=\"alignleft wp-image-199\" title=\"Sik Sandor bio.\" src=\"http:\/\/sscspark.com\/wp-content\/uploads\/2012\/03\/Sik-Sandor-bio.-791x1024.jpg\" alt=\"\" width=\"640\" height=\"828\" srcset=\"https:\/\/sscspark.com\/wp-content\/uploads\/2012\/03\/Sik-Sandor-bio.-791x1024.jpg 791w, https:\/\/sscspark.com\/wp-content\/uploads\/2012\/03\/Sik-Sandor-bio.-231x300.jpg 231w, https:\/\/sscspark.com\/wp-content\/uploads\/2012\/03\/Sik-Sandor-bio.-115x150.jpg 115w, https:\/\/sscspark.com\/wp-content\/uploads\/2012\/03\/Sik-Sandor-bio.-400x517.jpg 400w, https:\/\/sscspark.com\/wp-content\/uploads\/2012\/03\/Sik-Sandor-bio..jpg 1275w\" sizes=\"auto, (max-width: 640px) 100vw, 640px\" \/><\/a><a href=\"http:\/\/sscspark.com\/wp-content\/uploads\/2012\/03\/Cs.indulo-irta-Sik-Sandor.jpg\"><img loading=\"lazy\" decoding=\"async\" class=\"alignleft wp-image-201\" title=\"Cs.indulo-irta Sik Sandor\" src=\"http:\/\/sscspark.com\/wp-content\/uploads\/2012\/03\/Cs.indulo-irta-Sik-Sandor-791x1024.jpg\" alt=\"\" width=\"640\" height=\"828\" srcset=\"https:\/\/sscspark.com\/wp-content\/uploads\/2012\/03\/Cs.indulo-irta-Sik-Sandor-791x1024.jpg 791w, https:\/\/sscspark.com\/wp-content\/uploads\/2012\/03\/Cs.indulo-irta-Sik-Sandor-231x300.jpg 231w, https:\/\/sscspark.com\/wp-content\/uploads\/2012\/03\/Cs.indulo-irta-Sik-Sandor-115x150.jpg 115w, https:\/\/sscspark.com\/wp-content\/uploads\/2012\/03\/Cs.indulo-irta-Sik-Sandor-400x517.jpg 400w, https:\/\/sscspark.com\/wp-content\/uploads\/2012\/03\/Cs.indulo-irta-Sik-Sandor.jpg 1275w\" sizes=\"auto, (max-width: 640px) 100vw, 640px\" \/><\/a><\/span><\/h3>\n<p>&nbsp;<\/p>\n<p>&nbsp;<\/p>\n<p>&nbsp;<\/p>\n<p>&nbsp;<\/p>\n<p>&nbsp;<\/p>\n<p>&nbsp;<\/p>\n<p>&nbsp;<\/p>\n<p>&nbsp;<\/p>\n<p>&nbsp;<\/p>\n<p>&nbsp;<\/p>\n<p>&nbsp;<\/p>\n<p>&nbsp;<\/p>\n<p>&nbsp;<\/p>\n<p>&nbsp;<\/p>\n<p>&nbsp;<\/p>\n<p>&nbsp;<\/p>\n<p>&nbsp;<\/p>\n<p>&nbsp;<\/p>\n<p>&nbsp;<\/p>\n<p>&nbsp;<\/p>\n<p>&nbsp;<\/p>\n<p>&nbsp;<\/p>\n<p>&nbsp;<\/p>\n<p>&nbsp;<\/p>\n<p>&nbsp;<\/p>\n<p>&nbsp;<\/p>\n<p>&nbsp;<\/p>\n<p>&nbsp;<\/p>\n<p>&nbsp;<\/p>\n<p>&nbsp;<\/p>\n<p>&nbsp;<\/p>\n<p><a href=\"http:\/\/sscspark.com\/wp-content\/uploads\/2012\/03\/Cserkeszdal-Sik-Sandor-verse.jpg\"><img loading=\"lazy\" decoding=\"async\" class=\"alignleft size-large wp-image-202\" title=\"Cserkeszdal-Sik Sandor verse\" src=\"http:\/\/sscspark.com\/wp-content\/uploads\/2012\/03\/Cserkeszdal-Sik-Sandor-verse-791x1024.jpg\" alt=\"\" width=\"640\" height=\"828\" srcset=\"https:\/\/sscspark.com\/wp-content\/uploads\/2012\/03\/Cserkeszdal-Sik-Sandor-verse-791x1024.jpg 791w, https:\/\/sscspark.com\/wp-content\/uploads\/2012\/03\/Cserkeszdal-Sik-Sandor-verse-231x300.jpg 231w, https:\/\/sscspark.com\/wp-content\/uploads\/2012\/03\/Cserkeszdal-Sik-Sandor-verse-115x150.jpg 115w, https:\/\/sscspark.com\/wp-content\/uploads\/2012\/03\/Cserkeszdal-Sik-Sandor-verse-400x517.jpg 400w, https:\/\/sscspark.com\/wp-content\/uploads\/2012\/03\/Cserkeszdal-Sik-Sandor-verse.jpg 1275w\" sizes=\"auto, (max-width: 640px) 100vw, 640px\" \/><\/a><\/p>\n<p>&nbsp;<\/p>\n<p>&nbsp;<\/p>\n<p>&nbsp;<\/p>\n<h4><\/h4>\n<h4><\/h4>\n<h4><\/h4>\n<h4><\/h4>\n<h4><\/h4>\n<p>&nbsp;<\/p>\n<p>&nbsp;<\/p>\n<div class=\"mceTemp mceIEcenter\"><\/div>\n<figure id=\"attachment_379\" aria-describedby=\"caption-attachment-379\" style=\"width: 350px\" class=\"wp-caption aligncenter\"><a href=\"http:\/\/sscspark.com\/wp-content\/uploads\/2012\/03\/Sik_Sandor_emlekmu.jpg\"><img loading=\"lazy\" decoding=\"async\" class=\" wp-image-379\" title=\"Sik_Sandor_emlekmu\" src=\"http:\/\/sscspark.com\/wp-content\/uploads\/2012\/03\/Sik_Sandor_emlekmu-212x300.jpg\" alt=\"\" width=\"350\" height=\"422\" \/><\/a><figcaption id=\"caption-attachment-379\" class=\"wp-caption-text\">S\u00edk S\u00e1ndor eml\u00e9km\u0171 a parkban &#8211; Memorial to S\u00e1ndor S\u00edk<\/figcaption><\/figure>\n<h1><strong>\u00a0<\/strong><span style=\"color: #0000ff;\"><strong><a href=\"http:\/\/sscspark.com\/wp-content\/uploads\/2012\/03\/Sik-Sandor-kepek.pdf\"><span style=\"color: #0000ff;\">S\u00edk S\u00e1ndor-r\u00f3l k\u00e9pek<\/span><\/a><\/strong><img loading=\"lazy\" decoding=\"async\" class=\"alignright wp-image-216\" title=\"SSCs.park jelveny tu 001\" src=\"http:\/\/sscspark.com\/wp-content\/uploads\/2012\/03\/SSCs.park-jelveny-tu-001.jpg\" alt=\"\" width=\"236\" height=\"226\" \/><\/span><\/h1>\n<h1><\/h1>\n<h4><span style=\"color: #0000ff;\"><a href=\"http:\/\/www.boldogsag.net\/index.php?option=com_content&amp;view=article&amp;id=12916:sik-sandor-pedagogiaja-&amp;catid=954:szellemi-palyan-futni-hivatas-pokoljaras-arulas&amp;Itemid=650\" target=\"_blank\" rel=\"noopener\"><span style=\"color: #0000ff;\">S\u00edk S\u00e1ndor pedag\u00f3gi\u00e1ja a &#8222;Fiatal Magyars\u00e1g&#8221;-ban (Nevel\u00e9st\u00f6rt\u00e9neti sorozat)<\/span><\/a><\/span><\/h4>\n<p>&nbsp;<\/p>\n","protected":false},"excerpt":{"rendered":"<p>&nbsp; &nbsp; &nbsp; &nbsp; &nbsp; &nbsp; &nbsp; &nbsp; &nbsp; &nbsp; &nbsp; &nbsp; &nbsp; &nbsp; &nbsp; &nbsp; &nbsp; &nbsp; &nbsp; &nbsp; &nbsp; &nbsp; [&hellip;]<\/p>\n","protected":false},"author":2,"featured_media":0,"parent":0,"menu_order":0,"comment_status":"closed","ping_status":"closed","template":"","meta":{"footnotes":""},"class_list":["post-38","page","type-page","status-publish","hentry"],"_links":{"self":[{"href":"https:\/\/sscspark.com\/index.php?rest_route=\/wp\/v2\/pages\/38","targetHints":{"allow":["GET"]}}],"collection":[{"href":"https:\/\/sscspark.com\/index.php?rest_route=\/wp\/v2\/pages"}],"about":[{"href":"https:\/\/sscspark.com\/index.php?rest_route=\/wp\/v2\/types\/page"}],"author":[{"embeddable":true,"href":"https:\/\/sscspark.com\/index.php?rest_route=\/wp\/v2\/users\/2"}],"replies":[{"embeddable":true,"href":"https:\/\/sscspark.com\/index.php?rest_route=%2Fwp%2Fv2%2Fcomments&post=38"}],"version-history":[{"count":30,"href":"https:\/\/sscspark.com\/index.php?rest_route=\/wp\/v2\/pages\/38\/revisions"}],"predecessor-version":[{"id":1368,"href":"https:\/\/sscspark.com\/index.php?rest_route=\/wp\/v2\/pages\/38\/revisions\/1368"}],"wp:attachment":[{"href":"https:\/\/sscspark.com\/index.php?rest_route=%2Fwp%2Fv2%2Fmedia&parent=38"}],"curies":[{"name":"wp","href":"https:\/\/api.w.org\/{rel}","templated":true}]}}