{"id":1219,"date":"2022-03-03T08:41:01","date_gmt":"2022-03-03T08:41:01","guid":{"rendered":"http:\/\/sscspark.com\/?page_id=1219"},"modified":"2022-04-14T06:14:20","modified_gmt":"2022-04-14T06:14:20","slug":"park-data","status":"publish","type":"page","link":"https:\/\/sscspark.com\/?page_id=1219&lang=en","title":{"rendered":"Park data"},"content":{"rendered":"<p>This camp sign, created by scout leader Gyorgy Pandi of New Jersey, greets our campers and visitors at the main entrance. The stylized camp crest colours represent the Hungarian flag and its Christian values. Together with the scout emblem, they encompass the beauty of nature.<\/p>\n<p>&nbsp;<\/p>\n<p style=\"text-align: center;\">\u00a0<a href=\"http:\/\/sscspark.com\/wp-content\/uploads\/2021\/05\/tabla.jpg\"><img loading=\"lazy\" decoding=\"async\" class=\"size-full wp-image-791 alignnone\" src=\"http:\/\/sscspark.com\/wp-content\/uploads\/2021\/05\/tabla.jpg\" alt=\"\" width=\"194\" height=\"259\" \/><\/a> <a href=\"http:\/\/sscspark.com\/wp-content\/uploads\/2021\/05\/cropped-SScspark_Logo-1.jpg\"><img loading=\"lazy\" decoding=\"async\" class=\"wp-image-1052 alignnone\" src=\"http:\/\/sscspark.com\/wp-content\/uploads\/2021\/05\/cropped-SScspark_Logo-1.jpg\" alt=\"\" width=\"259\" height=\"259\" srcset=\"https:\/\/sscspark.com\/wp-content\/uploads\/2021\/05\/cropped-SScspark_Logo-1.jpg 512w, https:\/\/sscspark.com\/wp-content\/uploads\/2021\/05\/cropped-SScspark_Logo-1-300x300.jpg 300w, https:\/\/sscspark.com\/wp-content\/uploads\/2021\/05\/cropped-SScspark_Logo-1-150x150.jpg 150w, https:\/\/sscspark.com\/wp-content\/uploads\/2021\/05\/cropped-SScspark_Logo-1-270x270.jpg 270w, https:\/\/sscspark.com\/wp-content\/uploads\/2021\/05\/cropped-SScspark_Logo-1-192x192.jpg 192w, https:\/\/sscspark.com\/wp-content\/uploads\/2021\/05\/cropped-SScspark_Logo-1-180x180.jpg 180w, https:\/\/sscspark.com\/wp-content\/uploads\/2021\/05\/cropped-SScspark_Logo-1-32x32.jpg 32w\" sizes=\"auto, (max-width: 259px) 100vw, 259px\" \/><\/a><\/p>\n<p>&nbsp;<\/p>\n<p>It is the main camp of The Hungarian Scout Association in Exteris devoted for leadership training, summer school camps, cultural weekend camps as well as jubilee and jamboree camps.<\/p>\n<p>&nbsp;<\/p>\n<p>&nbsp;<\/p>\n<p><strong>Official Address<\/strong>:\u00a0 10993 County Road 15, Fillmore, NY. 14735 USA<\/p>\n<p><strong>Posta Address<\/strong>: 5098 Robinson Road, Fillmore, NY. 14735 USA<\/p>\n<p><strong>Telephone<\/strong>: (585) 567-4849<\/p>\n<p><strong>E-mail Address<\/strong>: sscspark@gmail.com<\/p>\n<p><strong>WEB Address<\/strong>: SSCSPARK.com<\/p>\n<p>&nbsp;<\/p>\n<p><strong><u>C<\/u><\/strong><strong><u>AMP MANUAL<\/u><\/strong><\/p>\n<p><strong>Important Note:<\/strong> <strong><em>The Camp Manual is to be followed and abided by every camper without exception!<\/em><\/strong><\/p>\n<p>&nbsp;<\/p>\n<ol>\n<li style=\"list-style-type: none;\">\n<ol>\n<li><a href=\"https:\/\/kmcssz.org\/site\/wp-content\/uploads\/2021\/05\/CampManualRevised2021-1-1.pdf\" target=\"_blank\" rel=\"noopener\">Camp Manual Sik Sandor (fel\u00faj\u00edtott 2020)<\/a>\n<ul>\n<li><em>\u00a0<a href=\"https:\/\/kmcssz.org\/site\/wp-content\/uploads\/2021\/05\/CampManualCOVID19Addendum.pdf\" target=\"_blank\" rel=\"noopener\">COVID -19 addendum<\/a><\/em><\/li>\n<\/ul>\n<\/li>\n<li><a href=\"http:\/\/www.kmcssz.org\/contents\/kiadvanyok\/urlapok\/camp_health_form_2011_.pdf\">Camp Health Form (2011)<\/a><\/li>\n<li><a href=\"http:\/\/www.kmcssz.org\/contents\/kiadvanyok\/urlapok\/camper_medications_orders_form_2011_.pdf\">Camper Medications Order Form (2011)<\/a><\/li>\n<li><a href=\"http:\/\/www.kmcssz.org\/contents\/kiadvanyok\/urlapok\/504_tabor_545_egeszsegugy_taborozas_szabalyai.doc\">Eg\u00e9szs\u00e9g\u00fcgy \u2013 T\u00e1boroz\u00e1s szab\u00e1lyai<\/a><\/li>\n<li><a href=\"http:\/\/www.kmcssz.org\/contents\/kiadvanyok\/urlapok\/meningitis_vaccination_form_2011_.pdf\">Meningitis Vaccination Form (2011)<\/a><\/li>\n<li><a href=\"http:\/\/www.kmcssz.org\/contents\/kiadvanyok\/urlapok\/sik_sandor_meningitis_szuloi_level_2005.doc\">S\u00edk S\u00e1ndor meningitis sz\u00fcl\u0151i lev\u00e9l 2005<\/a><\/li>\n<li><a href=\"http:\/\/www.kmcssz.org\/contents\/kiadvanyok\/urlapok\/sik_sandor_meningitis_vaccination_form_2005.doc\">S\u00edk S\u00e1ndor meningitis vaccination form 2005<\/a><\/li>\n<li><a href=\"http:\/\/www.kmcssz.org\/contents\/kiadvanyok\/urlapok\/504_tabor_1882_sertes_influenza_level_szuloknek_magyarul_.doc\">Sert\u00e9s influenza lev\u00e9l sz\u00fcl\u0151knek (magyarul)<\/a><\/li>\n<li><a href=\"http:\/\/www.kmcssz.org\/contents\/kiadvanyok\/urlapok\/504_tabor_1881_sertes_influenza_szuloknek_kitoltendo_angolul_.doc\">Sert\u00e9s influenza sz\u00fcl\u0151knek kit\u00f6ltend\u0151 <em>(Flu Symptom Checklist for Parents and Camp Staff &#8211; english)<\/em><\/a><\/li>\n<li><a href=\"http:\/\/www.kmcssz.org\/contents\/kiadvanyok\/urlapok\/504_tabor_1880_sertes_influenza_szuloknek_level_angolul_.doc\">Sert\u00e9s influenza sz\u00fcl\u0151knek lev\u00e9l (Letter from Camp Operator to Parents of Children Coming to Camp &#8211; english)<\/a><\/li>\n<li><a href=\"http:\/\/www.kmcssz.org\/contents\/kiadvanyok\/urlapok\/taborozas_engedely_es_jelentes.zip\">T\u00e1boroz\u00e1sra enged\u00e9lyk\u00e9r\u00e9s \u00e9s t\u00e1borz\u00e1r\u00f3 jelent\u00e9s<\/a><\/li>\n<li><a href=\"http:\/\/www.kmcssz.org\/contents\/kiadvanyok\/urlapok\/altalanos_tabori_napirend.html\" target=\"_blank\" rel=\"noopener noreferrer\">\u00c1ltal\u00e1nos t\u00e1bori napirend (eg\u00e9sz t\u00e1bor idej\u00e9re)<\/a><\/li>\n<li><a href=\"http:\/\/www.kmcssz.org\/contents\/kiadvanyok\/urlapok\/taborzaras.html\" target=\"_blank\" rel=\"noopener noreferrer\">T\u00e1borz\u00e1r\u00e1si jelent\u00e9s<\/a><\/li>\n<li><a href=\"https:\/\/kmcssz.org\/site\/wp-content\/uploads\/2020\/11\/HATARATLEPESI-LEVEL-V-KERULET-RESZERE-20-NOV.pdf\" target=\"_blank\" rel=\"noopener noreferrer\">Hat\u00e1r\u00e1tl\u00e9p\u00e9si enged\u00e9ly az V. ker\u00fclet r\u00e9sz\u00e9re<\/a><\/li>\n<\/ol>\n<\/li>\n<\/ol>\n","protected":false},"excerpt":{"rendered":"<p>This camp sign, created by scout leader Gyorgy Pandi of New Jersey, greets our campers and visitors at the main entrance. The [&hellip;]<\/p>\n","protected":false},"author":1,"featured_media":0,"parent":0,"menu_order":0,"comment_status":"closed","ping_status":"closed","template":"","meta":{"footnotes":""},"class_list":["post-1219","page","type-page","status-publish","hentry"],"_links":{"self":[{"href":"https:\/\/sscspark.com\/index.php?rest_route=\/wp\/v2\/pages\/1219","targetHints":{"allow":["GET"]}}],"collection":[{"href":"https:\/\/sscspark.com\/index.php?rest_route=\/wp\/v2\/pages"}],"about":[{"href":"https:\/\/sscspark.com\/index.php?rest_route=\/wp\/v2\/types\/page"}],"author":[{"embeddable":true,"href":"https:\/\/sscspark.com\/index.php?rest_route=\/wp\/v2\/users\/1"}],"replies":[{"embeddable":true,"href":"https:\/\/sscspark.com\/index.php?rest_route=%2Fwp%2Fv2%2Fcomments&post=1219"}],"version-history":[{"count":6,"href":"https:\/\/sscspark.com\/index.php?rest_route=\/wp\/v2\/pages\/1219\/revisions"}],"predecessor-version":[{"id":1529,"href":"https:\/\/sscspark.com\/index.php?rest_route=\/wp\/v2\/pages\/1219\/revisions\/1529"}],"wp:attachment":[{"href":"https:\/\/sscspark.com\/index.php?rest_route=%2Fwp%2Fv2%2Fmedia&parent=1219"}],"curies":[{"name":"wp","href":"https:\/\/api.w.org\/{rel}","templated":true}]}}