{"id":758,"date":"2021-05-03T11:59:18","date_gmt":"2021-05-03T11:59:18","guid":{"rendered":"http:\/\/sscspark.com\/?page_id=758"},"modified":"2022-03-11T10:18:14","modified_gmt":"2022-03-11T10:18:14","slug":"park-tortenelem-history-english","status":"publish","type":"page","link":"http:\/\/sscspark.com\/?page_id=758&lang=en","title":{"rendered":"ARCHIV_Park history"},"content":{"rendered":"<h4><span style=\"color: #008000;\">The S\u00e1ndor S\u00edk Scout Park near Fillmore, New York was purchased in the fall of 1963 by\u00a0the Hungarian Scout Association in Exile&#8217;s\u00a0leaders, Mr. G\u00e1bor Bodn\u00e1r,\u00a0Rev. Istv\u00e1n Gerencs\u00e9r, Rev. Lajos K\u0151v\u00e1ri, and Dr. Gy\u00f6rgy N\u00e9methy.<\/span><\/h4>\n<h4><span style=\"color: #008000;\">The park was named after S\u00e1ndor S\u00edk,\u00a0a priest,\u00a0scout leader,\u00a0highschool teacher, and poet\u00a0(he wrote the words to the scout hymn)\u00a0in Hungary, who had\u00a0 passed away, just\u00a0a couple of months\u00a0before the land for the park was purchased.\u00a0\u00a0 <\/span><\/h4>\n<h4><span style=\"color: #008000;\"><em>The park was officially opened and dedicated in May of 1964 and will be celebrating its <span style=\"text-decoration: underline;\">50th anniversary in 2014!<\/span><\/em><\/span><\/h4>\n<h4><\/h4>\n<h4>\u00a0<a href=\"http:\/\/sscspark.com\/wp-content\/uploads\/2012\/03\/Granger-Gazette-park-cikk.jpg\"><img loading=\"lazy\" decoding=\"async\" class=\"alignleft wp-image-456\" title=\"Granger Gazette park cikk\" src=\"http:\/\/sscspark.com\/wp-content\/uploads\/2012\/03\/Granger-Gazette-park-cikk.jpg\" alt=\"\" width=\"640\" height=\"870\" \/><\/a><\/h4>\n<p>&nbsp;<\/p>\n<p>&nbsp;<\/p>\n<p>&nbsp;<\/p>\n<p>&nbsp;<\/p>\n<p>&nbsp;<\/p>\n<h2><span style=\"color: #008000;\">\u00a0<\/span><\/h2>\n","protected":false},"excerpt":{"rendered":"<p>The S\u00e1ndor S\u00edk Scout Park near Fillmore, New York was purchased in the fall of 1963 by\u00a0the Hungarian Scout Association in Exile&#8217;s\u00a0leaders, [&hellip;]<\/p>\n","protected":false},"author":1,"featured_media":0,"parent":0,"menu_order":0,"comment_status":"closed","ping_status":"closed","template":"","meta":{"footnotes":""},"class_list":["post-758","page","type-page","status-publish","hentry"],"_links":{"self":[{"href":"http:\/\/sscspark.com\/index.php?rest_route=\/wp\/v2\/pages\/758","targetHints":{"allow":["GET"]}}],"collection":[{"href":"http:\/\/sscspark.com\/index.php?rest_route=\/wp\/v2\/pages"}],"about":[{"href":"http:\/\/sscspark.com\/index.php?rest_route=\/wp\/v2\/types\/page"}],"author":[{"embeddable":true,"href":"http:\/\/sscspark.com\/index.php?rest_route=\/wp\/v2\/users\/1"}],"replies":[{"embeddable":true,"href":"http:\/\/sscspark.com\/index.php?rest_route=%2Fwp%2Fv2%2Fcomments&post=758"}],"version-history":[{"count":3,"href":"http:\/\/sscspark.com\/index.php?rest_route=\/wp\/v2\/pages\/758\/revisions"}],"predecessor-version":[{"id":1405,"href":"http:\/\/sscspark.com\/index.php?rest_route=\/wp\/v2\/pages\/758\/revisions\/1405"}],"wp:attachment":[{"href":"http:\/\/sscspark.com\/index.php?rest_route=%2Fwp%2Fv2%2Fmedia&parent=758"}],"curies":[{"name":"wp","href":"https:\/\/api.w.org\/{rel}","templated":true}]}}