{"id":44,"date":"2012-03-21T04:55:05","date_gmt":"2012-03-21T04:55:05","guid":{"rendered":"http:\/\/sscspark.com\/?page_id=44"},"modified":"2022-12-16T09:49:02","modified_gmt":"2022-12-16T09:49:02","slug":"adomanyozni-donate","status":"publish","type":"page","link":"http:\/\/sscspark.com\/?page_id=44","title":{"rendered":"\u00c1ltal\u00e1nos gy\u0171jt\u00e9s"},"content":{"rendered":"<h1>Festm\u00e9nyek, t\u00e1rgyak v\u00e1s\u00e1rl\u00e1sa \u00e9s \u00e1rverez\u00e9se<\/h1>\n<table class=\"center\">\n<tbody class=\"center\">\n<tr>\n<td colspan=\"2\" width=\"600\">Adom\u00e1nygy\u0171jt\u00e9s szempontj\u00e1b\u00f3l\u00a0 megv\u00e1s\u00e1rolhat\u00f3 az al\u00e1bbi hat k\u00fcl\u00f6nb\u00f6z\u0151 k\u00e9p, amelyek a fillmorei S\u00edk S\u00e1ndor Cserk\u00e9szpark kedvenc helyeit \u00e1br\u00e1zolj\u00e1k:<\/td>\n<\/tr>\n<tr>\n<td width=\"236\"><a href=\"http:\/\/sscspark.com\/wp-content\/uploads\/2021\/10\/Pentagon.jpg\"><img loading=\"lazy\" decoding=\"async\" class=\"size-medium wp-image-1155 aligncenter\" src=\"http:\/\/sscspark.com\/wp-content\/uploads\/2021\/10\/Pentagon-238x300.jpg\" alt=\"\" width=\"238\" height=\"300\" srcset=\"http:\/\/sscspark.com\/wp-content\/uploads\/2021\/10\/Pentagon-238x300.jpg 238w, http:\/\/sscspark.com\/wp-content\/uploads\/2021\/10\/Pentagon-230x290.jpg 230w, http:\/\/sscspark.com\/wp-content\/uploads\/2021\/10\/Pentagon-350x441.jpg 350w, http:\/\/sscspark.com\/wp-content\/uploads\/2021\/10\/Pentagon.jpg 476w\" sizes=\"auto, (max-width: 238px) 100vw, 238px\" \/><\/a><\/td>\n<td style=\"text-align: center;\" width=\"235\"><strong>Pentagon <\/strong><\/td>\n<\/tr>\n<tr>\n<td width=\"236\"><a href=\"http:\/\/sscspark.com\/wp-content\/uploads\/2021\/10\/Nagyret-Felul.jpg\"><img loading=\"lazy\" decoding=\"async\" class=\"size-medium wp-image-1156 aligncenter\" src=\"http:\/\/sscspark.com\/wp-content\/uploads\/2021\/10\/Nagyret-Felul-239x300.jpg\" alt=\"\" width=\"239\" height=\"300\" srcset=\"http:\/\/sscspark.com\/wp-content\/uploads\/2021\/10\/Nagyret-Felul-239x300.jpg 239w, http:\/\/sscspark.com\/wp-content\/uploads\/2021\/10\/Nagyret-Felul-230x289.jpg 230w, http:\/\/sscspark.com\/wp-content\/uploads\/2021\/10\/Nagyret-Felul-350x440.jpg 350w, http:\/\/sscspark.com\/wp-content\/uploads\/2021\/10\/Nagyret-Felul.jpg 477w\" sizes=\"auto, (max-width: 239px) 100vw, 239px\" \/><\/a><\/td>\n<td style=\"text-align: center;\" width=\"235\"><strong>Nagyr\u00e9t \u00e9szak <\/strong><\/td>\n<\/tr>\n<tr>\n<td width=\"236\"><a href=\"http:\/\/sscspark.com\/wp-content\/uploads\/2021\/10\/Nagyret-Alul.jpg\"><img loading=\"lazy\" decoding=\"async\" class=\"size-medium wp-image-1157 aligncenter\" src=\"http:\/\/sscspark.com\/wp-content\/uploads\/2021\/10\/Nagyret-Alul-300x241.jpg\" alt=\"\" width=\"300\" height=\"241\" srcset=\"http:\/\/sscspark.com\/wp-content\/uploads\/2021\/10\/Nagyret-Alul-300x241.jpg 300w, http:\/\/sscspark.com\/wp-content\/uploads\/2021\/10\/Nagyret-Alul-230x185.jpg 230w, http:\/\/sscspark.com\/wp-content\/uploads\/2021\/10\/Nagyret-Alul-350x281.jpg 350w, http:\/\/sscspark.com\/wp-content\/uploads\/2021\/10\/Nagyret-Alul-480x386.jpg 480w, http:\/\/sscspark.com\/wp-content\/uploads\/2021\/10\/Nagyret-Alul.jpg 600w\" sizes=\"auto, (max-width: 300px) 100vw, 300px\" \/><\/a><\/td>\n<td style=\"text-align: center;\" width=\"235\"><strong>Nagyr\u00e9t d\u00e9l<\/strong><\/td>\n<\/tr>\n<tr>\n<td width=\"236\"><a href=\"http:\/\/sscspark.com\/wp-content\/uploads\/2021\/10\/Nadas-Haz.jpg\"><img loading=\"lazy\" decoding=\"async\" class=\"size-medium wp-image-1158 aligncenter\" src=\"http:\/\/sscspark.com\/wp-content\/uploads\/2021\/10\/Nadas-Haz-300x240.jpg\" alt=\"\" width=\"300\" height=\"240\" srcset=\"http:\/\/sscspark.com\/wp-content\/uploads\/2021\/10\/Nadas-Haz-300x240.jpg 300w, http:\/\/sscspark.com\/wp-content\/uploads\/2021\/10\/Nadas-Haz-230x184.jpg 230w, http:\/\/sscspark.com\/wp-content\/uploads\/2021\/10\/Nadas-Haz-350x279.jpg 350w, http:\/\/sscspark.com\/wp-content\/uploads\/2021\/10\/Nadas-Haz-480x383.jpg 480w, http:\/\/sscspark.com\/wp-content\/uploads\/2021\/10\/Nadas-Haz.jpg 600w\" sizes=\"auto, (max-width: 300px) 100vw, 300px\" \/><\/a><\/td>\n<td style=\"text-align: center;\" width=\"235\"><strong>N\u00e1dash\u00e1z <\/strong><\/td>\n<\/tr>\n<tr>\n<td style=\"text-align: center;\" width=\"236\"><a href=\"http:\/\/sscspark.com\/wp-content\/uploads\/2021\/10\/Gyengelkedo.jpg\"><img loading=\"lazy\" decoding=\"async\" class=\"size-medium wp-image-1159 aligncenter\" src=\"http:\/\/sscspark.com\/wp-content\/uploads\/2021\/10\/Gyengelkedo-300x239.jpg\" alt=\"\" width=\"300\" height=\"239\" srcset=\"http:\/\/sscspark.com\/wp-content\/uploads\/2021\/10\/Gyengelkedo-300x239.jpg 300w, http:\/\/sscspark.com\/wp-content\/uploads\/2021\/10\/Gyengelkedo-230x183.jpg 230w, http:\/\/sscspark.com\/wp-content\/uploads\/2021\/10\/Gyengelkedo-350x278.jpg 350w, http:\/\/sscspark.com\/wp-content\/uploads\/2021\/10\/Gyengelkedo-480x382.jpg 480w, http:\/\/sscspark.com\/wp-content\/uploads\/2021\/10\/Gyengelkedo.jpg 600w\" sizes=\"auto, (max-width: 300px) 100vw, 300px\" \/><\/a><\/td>\n<td style=\"text-align: center;\" width=\"235\"><strong>Gyeng\u00e9lked\u0151<\/strong><\/td>\n<\/tr>\n<tr>\n<td width=\"236\"><a href=\"http:\/\/sscspark.com\/wp-content\/uploads\/2021\/10\/Fenyokatedralis.jpg\"><img loading=\"lazy\" decoding=\"async\" class=\"size-medium wp-image-1160 aligncenter\" src=\"http:\/\/sscspark.com\/wp-content\/uploads\/2021\/10\/Fenyokatedralis-241x300.jpg\" alt=\"\" width=\"241\" height=\"300\" srcset=\"http:\/\/sscspark.com\/wp-content\/uploads\/2021\/10\/Fenyokatedralis-241x300.jpg 241w, http:\/\/sscspark.com\/wp-content\/uploads\/2021\/10\/Fenyokatedralis-230x287.jpg 230w, http:\/\/sscspark.com\/wp-content\/uploads\/2021\/10\/Fenyokatedralis-350x437.jpg 350w, http:\/\/sscspark.com\/wp-content\/uploads\/2021\/10\/Fenyokatedralis.jpg 481w\" sizes=\"auto, (max-width: 241px) 100vw, 241px\" \/><\/a><\/td>\n<td style=\"text-align: center;\" width=\"235\"><strong>Feny\u0151katedr\u00e1lis <\/strong><\/td>\n<\/tr>\n<tr>\n<td colspan=\"2\" width=\"471\">\n<p style=\"text-align: left;\">A gicl\u00e9e (zsikl\u00e9) nyomtat\u00e1s kit\u0171n\u0151 min\u0151s\u00e9g\u0171, r\u00e9szletgazdags\u00e1ga t\u00f6k\u00e9letesen visszaadja az eredeti olajfestm\u00e9ny k\u00e9pet. A nyomatok savmentes arch\u00edv min\u0151s\u00e9g\u0171 100% pamut rongy pap\u00edron k\u00e9sz\u00fclnek, \u00e9s a tintamin\u0151s\u00e9g miatt is hossz\u00fa \u2013 ak\u00e1r t\u00f6bb sz\u00e1z \u00e9vet is meghalad\u00f3 \u2013 \u00e9lettartam jellemzi.<\/p>\n<p style=\"text-align: left;\">Ezeket a nyomatokat majd az unok\u00e1k is \u00e9rt\u00e9kelni fogj\u00e1k, k\u00fcl\u00f6n\u00f6sen ha \u0151k is cserk\u00e9szkednek a parkban.<\/p>\n<p style=\"text-align: left;\">Aki a keretezett v\u00e1ltozatot v\u00e1lasztja, a paszpartu is savmentes arch\u00edv-min\u0151s\u00e9g\u0171, \u00fcveggel \u00e9s fekete olasz fakerettel ell\u00e1tva.<\/p>\n<p style=\"text-align: left;\">T\u00e1rgyakat is lehet v\u00e1s\u00e1rolni, pl. trik\u00f3kat, k\u00e1v\u00e9sb\u00f6gr\u00e9ket, h\u0171t\u0151szekr\u00e9nyre m\u00e1gneseket, \u00e9s poh\u00e1r al\u00e1t\u00e9teket. Ezeknek v\u00e1s\u00e1rl\u00e1s\u00e1val mind a cserk\u00e9szparkot t\u00e1mogatj\u00e1k.<\/p>\n<p style=\"text-align: left;\">Az eredeti festm\u00e9nyek a k\u00e9s\u0151bbiek sor\u00e1n\u00a0 online \u00e1rver\u00e9sre ker\u00fclnek.<\/p>\n<p style=\"text-align: left;\">\n<\/td>\n<\/tr>\n<tr>\n<td style=\"text-align: center;\"><strong>Festm\u00e9nyekr\u0151l nyomatok:<\/strong><\/td>\n<td style=\"text-align: center;\"><strong>T\u00e1rgyak:<\/strong><\/td>\n<\/tr>\n<tr>\n<td width=\"236\">\n<ul>\n<li>Egy darab 8&#8243; x 10&#8243;-es m\u00e9ret\u0171 keret n\u00e9lk\u00fcli k\u00e9p \u00e9rt\u00e9ke $40 (adom\u00e1ny $35, sz\u00e1ll\u00edt\u00e1s $5, \u00f6sszesen $40)<\/li>\n<\/ul>\n<p>&nbsp;<\/p>\n<p><span style=\"color: #ff0000;\">K\u00dcL\u00d6NLEGES LE\u00c1RAZ\u00c1S:<\/span><\/p>\n<ul>\n<li style=\"text-align: left;\">Egy darab 11\u201d x 14\u201d-es m\u00e9ret\u0171 keret n\u00e9lk\u00fcli k\u00e9p \u00e9rt\u00e9ke $150 <em><del>(adom\u00e1ny $125, sz\u00e1ll\u00edt\u00e1s $25, \u00f6sszesen $150)<\/del> <span style=\"color: #ff0000;\">(adom\u00e1ny $75, sz\u00e1ll\u00edt\u00e1s $25, \u00f6sszesen $100)\u00a0<\/span><\/em><\/li>\n<\/ul>\n<p>&nbsp;<\/p>\n<ul>\n<li style=\"text-align: left;\">Egy darab 11\u201d x 14\u201d-es m\u00e9ret\u0171 bekeretezett k\u00e9p \u00e9rt\u00e9ke $310 <em><del>(adom\u00e1ny $250, sz\u00e1ll\u00edt\u00e1s $60, \u00f6sszesen $310)<\/del><span style=\"color: #ff0000;\">(adom\u00e1ny $200, sz\u00e1ll\u00edt\u00e1s $60, \u00f6sszesen $260)<\/span><\/em><\/li>\n<\/ul>\n<p>&nbsp;<\/p>\n<ul>\n<li style=\"text-align: left;\">Egy darab 16\u201d x 20\u201d-as m\u00e9ret\u0171 keret n\u00e9lk\u00fcli k\u00e9p \u00e9rt\u00e9ke $225 <em><del>(adom\u00e1ny $200, sz\u00e1ll\u00edt\u00e1s $25, \u00f6sszesen $225)<\/del><span style=\"color: #ff0000;\">(adom\u00e1ny $100, sz\u00e1ll\u00edt\u00e1s $25, \u00f6sszesen $125)<\/span><\/em><\/li>\n<\/ul>\n<p>&nbsp;<\/p>\n<ul>\n<li style=\"text-align: left;\">Egy darab 16\u201d x 20\u201d-as m\u00e9ret\u0171 bekeretezett k\u00e9p \u00e9rt\u00e9ke $460 <em><del>(adom\u00e1ny $400, sz\u00e1ll\u00edt\u00e1s $60, \u00f6sszesen $460)<\/del><span style=\"color: #ff0000;\">(adom\u00e1ny $300, sz\u00e1ll\u00edt\u00e1s $60, \u00f6sszesen $360)<\/span><\/em><\/li>\n<\/ul>\n<p style=\"text-align: left;\">Teljes gy\u0171jtem\u00e9ny rendel\u00e9se eset\u00e9n<\/p>\n<ul>\n<li style=\"text-align: left;\">6 db, keret n\u00e9lk\u00fcl, 8&#8243; x 10&#8243; <del>(adom\u00e1ny $150, sz\u00e1ll\u00edt\u00e1s ingyen)<\/del><span style=\"color: #ff0000;\">(adom\u00e1ny $125, sz\u00e1ll\u00edt\u00e1s ingyen)<\/span><\/li>\n<\/ul>\n<p>&nbsp;<\/p>\n<ul>\n<li style=\"text-align: left;\">6 db, keret n\u00e9lk\u00fcl, 11\u201d x 14\u201d <del>(adom\u00e1ny $600, sz\u00e1ll\u00edt\u00e1s ingyen)<\/del><span style=\"color: #ff0000;\">(adom\u00e1ny $300, sz\u00e1ll\u00edt\u00e1s ingyen)<\/span><\/li>\n<\/ul>\n<p>&nbsp;<\/p>\n<ul>\n<li style=\"text-align: left;\">6 db, keret n\u00e9lk\u00fcl, 16\u201d x 20\u201d <del>(adom\u00e1ny $1000, sz\u00e1ll\u00edt\u00e1s ingyen)<\/del><span style=\"color: #ff0000;\">(adom\u00e1ny $600, sz\u00e1ll\u00edt\u00e1s ingyen)<\/span><\/li>\n<\/ul>\n<\/td>\n<td width=\"235\">\n<ul>\n<li style=\"text-align: left;\">Trik\u00f3 (adom\u00e1ny $20, postak\u00f6lts\u00e9g $8, \u00f6sszesen $28)<br \/>\n<a href=\"http:\/\/sscspark.com\/wp-content\/uploads\/2021\/12\/triko-pelda-1-rotated-e1638453553532.jpg\"><img loading=\"lazy\" decoding=\"async\" class=\"alignnone size-medium wp-image-1186\" src=\"http:\/\/sscspark.com\/wp-content\/uploads\/2021\/12\/triko-pelda-1-rotated-e1638453553532-300x225.jpg\" alt=\"\" width=\"300\" height=\"225\" srcset=\"http:\/\/sscspark.com\/wp-content\/uploads\/2021\/12\/triko-pelda-1-rotated-e1638453553532-300x225.jpg 300w, http:\/\/sscspark.com\/wp-content\/uploads\/2021\/12\/triko-pelda-1-rotated-e1638453553532-1024x768.jpg 1024w, http:\/\/sscspark.com\/wp-content\/uploads\/2021\/12\/triko-pelda-1-rotated-e1638453553532-768x576.jpg 768w, http:\/\/sscspark.com\/wp-content\/uploads\/2021\/12\/triko-pelda-1-rotated-e1638453553532-1536x1152.jpg 1536w, http:\/\/sscspark.com\/wp-content\/uploads\/2021\/12\/triko-pelda-1-rotated-e1638453553532-920x690.jpg 920w, http:\/\/sscspark.com\/wp-content\/uploads\/2021\/12\/triko-pelda-1-rotated-e1638453553532-230x173.jpg 230w, http:\/\/sscspark.com\/wp-content\/uploads\/2021\/12\/triko-pelda-1-rotated-e1638453553532-350x263.jpg 350w, http:\/\/sscspark.com\/wp-content\/uploads\/2021\/12\/triko-pelda-1-rotated-e1638453553532-480x360.jpg 480w, http:\/\/sscspark.com\/wp-content\/uploads\/2021\/12\/triko-pelda-1-rotated-e1638453553532.jpg 1632w\" sizes=\"auto, (max-width: 300px) 100vw, 300px\" \/><\/a><\/li>\n<\/ul>\n<p>&nbsp;<\/p>\n<ul>\n<li style=\"text-align: left;\">H\u0171t\u0151szekr\u00e9nyre m\u00e1gnes (adom\u00e1ny $5, postak\u00f6lts\u00e9g $1, \u00f6sszesen $6)<br \/>\n<a href=\"http:\/\/sscspark.com\/wp-content\/uploads\/2021\/12\/hutoszekrenyre-magnesek.jpg\"><img loading=\"lazy\" decoding=\"async\" class=\"alignnone size-medium wp-image-1187\" src=\"http:\/\/sscspark.com\/wp-content\/uploads\/2021\/12\/hutoszekrenyre-magnesek-300x225.jpg\" alt=\"\" width=\"300\" height=\"225\" srcset=\"http:\/\/sscspark.com\/wp-content\/uploads\/2021\/12\/hutoszekrenyre-magnesek-300x225.jpg 300w, http:\/\/sscspark.com\/wp-content\/uploads\/2021\/12\/hutoszekrenyre-magnesek-1024x768.jpg 1024w, http:\/\/sscspark.com\/wp-content\/uploads\/2021\/12\/hutoszekrenyre-magnesek-768x576.jpg 768w, http:\/\/sscspark.com\/wp-content\/uploads\/2021\/12\/hutoszekrenyre-magnesek-1536x1152.jpg 1536w, http:\/\/sscspark.com\/wp-content\/uploads\/2021\/12\/hutoszekrenyre-magnesek-920x690.jpg 920w, http:\/\/sscspark.com\/wp-content\/uploads\/2021\/12\/hutoszekrenyre-magnesek-230x173.jpg 230w, http:\/\/sscspark.com\/wp-content\/uploads\/2021\/12\/hutoszekrenyre-magnesek-350x263.jpg 350w, http:\/\/sscspark.com\/wp-content\/uploads\/2021\/12\/hutoszekrenyre-magnesek-480x360.jpg 480w, http:\/\/sscspark.com\/wp-content\/uploads\/2021\/12\/hutoszekrenyre-magnesek.jpg 1632w\" sizes=\"auto, (max-width: 300px) 100vw, 300px\" \/><\/a><\/li>\n<\/ul>\n<p>&nbsp;<\/p>\n<ul>\n<li style=\"text-align: left;\">M\u0171anyag b\u00f6gre (adom\u00e1ny $8, postak\u00f6lts\u00e9g $8, \u00f6sszesen $16)<\/li>\n<\/ul>\n<p>&nbsp;<\/p>\n<ul>\n<li style=\"text-align: left;\">Ker\u00e1mia b\u00f6gre (adom\u00e1ny $10, postak\u00f6lts\u00e9g $8, \u00f6sszesen $18)<br \/>\n<a href=\"http:\/\/sscspark.com\/wp-content\/uploads\/2021\/12\/bogre-pelda.jpg\"><img loading=\"lazy\" decoding=\"async\" class=\"alignnone size-medium wp-image-1188\" src=\"http:\/\/sscspark.com\/wp-content\/uploads\/2021\/12\/bogre-pelda-300x225.jpg\" alt=\"\" width=\"300\" height=\"225\" srcset=\"http:\/\/sscspark.com\/wp-content\/uploads\/2021\/12\/bogre-pelda-300x225.jpg 300w, http:\/\/sscspark.com\/wp-content\/uploads\/2021\/12\/bogre-pelda-1024x768.jpg 1024w, http:\/\/sscspark.com\/wp-content\/uploads\/2021\/12\/bogre-pelda-768x576.jpg 768w, http:\/\/sscspark.com\/wp-content\/uploads\/2021\/12\/bogre-pelda-1536x1152.jpg 1536w, http:\/\/sscspark.com\/wp-content\/uploads\/2021\/12\/bogre-pelda-920x690.jpg 920w, http:\/\/sscspark.com\/wp-content\/uploads\/2021\/12\/bogre-pelda-230x173.jpg 230w, http:\/\/sscspark.com\/wp-content\/uploads\/2021\/12\/bogre-pelda-350x263.jpg 350w, http:\/\/sscspark.com\/wp-content\/uploads\/2021\/12\/bogre-pelda-480x360.jpg 480w, http:\/\/sscspark.com\/wp-content\/uploads\/2021\/12\/bogre-pelda.jpg 1632w\" sizes=\"auto, (max-width: 300px) 100vw, 300px\" \/><\/a><\/li>\n<\/ul>\n<p>&nbsp;<\/p>\n<ul>\n<li style=\"text-align: left;\">Poh\u00e1r al\u00e1t\u00e9t k\u00e9szlet, 6 db (adom\u00e1ny $20, postak\u00f6lts\u00e9g $8, \u00f6sszesen $28)<br \/>\n<a href=\"http:\/\/sscspark.com\/wp-content\/uploads\/2021\/12\/poharalatet-keszlet.jpg\"><img loading=\"lazy\" decoding=\"async\" class=\"alignnone size-medium wp-image-1189\" src=\"http:\/\/sscspark.com\/wp-content\/uploads\/2021\/12\/poharalatet-keszlet-300x225.jpg\" alt=\"\" width=\"300\" height=\"225\" srcset=\"http:\/\/sscspark.com\/wp-content\/uploads\/2021\/12\/poharalatet-keszlet-300x225.jpg 300w, http:\/\/sscspark.com\/wp-content\/uploads\/2021\/12\/poharalatet-keszlet-1024x768.jpg 1024w, http:\/\/sscspark.com\/wp-content\/uploads\/2021\/12\/poharalatet-keszlet-768x576.jpg 768w, http:\/\/sscspark.com\/wp-content\/uploads\/2021\/12\/poharalatet-keszlet-1536x1152.jpg 1536w, http:\/\/sscspark.com\/wp-content\/uploads\/2021\/12\/poharalatet-keszlet-920x690.jpg 920w, http:\/\/sscspark.com\/wp-content\/uploads\/2021\/12\/poharalatet-keszlet-230x173.jpg 230w, http:\/\/sscspark.com\/wp-content\/uploads\/2021\/12\/poharalatet-keszlet-350x263.jpg 350w, http:\/\/sscspark.com\/wp-content\/uploads\/2021\/12\/poharalatet-keszlet-480x360.jpg 480w, http:\/\/sscspark.com\/wp-content\/uploads\/2021\/12\/poharalatet-keszlet.jpg 1632w\" sizes=\"auto, (max-width: 300px) 100vw, 300px\" \/><\/a><\/li>\n<\/ul>\n<p>&nbsp;<\/p>\n<ul>\n<li style=\"text-align: left;\">F\u00fczet -4&#215;6&#8243; (adom\u00e1ny $10, postak\u00f6lts\u00e9g $3, \u00f6sszesen $13)<br \/>\n<a href=\"http:\/\/sscspark.com\/wp-content\/uploads\/2021\/12\/fuzet-eleje.jpg\"><img loading=\"lazy\" decoding=\"async\" class=\"alignnone size-medium wp-image-1190\" src=\"http:\/\/sscspark.com\/wp-content\/uploads\/2021\/12\/fuzet-eleje-300x225.jpg\" alt=\"\" width=\"300\" height=\"225\" srcset=\"http:\/\/sscspark.com\/wp-content\/uploads\/2021\/12\/fuzet-eleje-300x225.jpg 300w, http:\/\/sscspark.com\/wp-content\/uploads\/2021\/12\/fuzet-eleje-1024x768.jpg 1024w, http:\/\/sscspark.com\/wp-content\/uploads\/2021\/12\/fuzet-eleje-768x576.jpg 768w, http:\/\/sscspark.com\/wp-content\/uploads\/2021\/12\/fuzet-eleje-1536x1152.jpg 1536w, http:\/\/sscspark.com\/wp-content\/uploads\/2021\/12\/fuzet-eleje-920x690.jpg 920w, http:\/\/sscspark.com\/wp-content\/uploads\/2021\/12\/fuzet-eleje-230x173.jpg 230w, http:\/\/sscspark.com\/wp-content\/uploads\/2021\/12\/fuzet-eleje-350x263.jpg 350w, http:\/\/sscspark.com\/wp-content\/uploads\/2021\/12\/fuzet-eleje-480x360.jpg 480w, http:\/\/sscspark.com\/wp-content\/uploads\/2021\/12\/fuzet-eleje.jpg 1632w\" sizes=\"auto, (max-width: 300px) 100vw, 300px\" \/><\/a><\/li>\n<\/ul>\n<\/td>\n<\/tr>\n<tr>\n<td style=\"text-align: center;\" width=\"236\"><a href=\"https:\/\/forms.gle\/4gVKNbKbncrfsir37\" target=\"_blank\" rel=\"noopener\"><span style=\"color: #ff0000;\">Festm\u00e9nyeket rendelni <strong>kattintson ide<\/strong><\/span><\/a><\/td>\n<td style=\"text-align: center;\" width=\"235\"><a href=\"https:\/\/docs.google.com\/forms\/d\/e\/1FAIpQLSe0B5x0f9IqPTcdiV4jZJTrhqdqR7_XDTXQNuVCQQBFXRDyew\/viewform?usp=sf_link\" target=\"_blank\" rel=\"noopener\"><span style=\"color: #ff0000;\">T\u00e1rgyakat rendelni <\/span><span style=\"color: #ff0000;\"><strong>kattintson ide.<\/strong><\/span><\/a><\/td>\n<\/tr>\n<\/tbody>\n<\/table>\n<p>&nbsp;<\/p>\n<hr \/>\n<p><span style=\"color: #000000;\"><strong>Tev\u00e9kenys\u00e9g\u00fcnk t\u00e1mogat\u00e1sa:<\/strong><\/span><\/p>\n<p>A K\u00fclf\u00f6ldi Magyar Cserk\u00e9szsz\u00f6vets\u00e9g 2022-ben \u00fcnnepli fenn\u00e1ll\u00e1s\u00e1nak hetvenhetedik \u00e9v\u00e9t.<\/p>\n<p><em>B\u00fcszk\u00e9k vagyunk arra, hogy ennyi \u00e9ven \u00e1t Sz\u00f6vets\u00e9g\u00fcnk nemcsak m\u0171k\u00f6d\u0151k\u00e9pes maradt, hanem nyugati magyars\u00e1g egyik kimagasl\u00f3 szervezet\u00e9v\u00e9 is v\u00e1lt.<\/em><\/p>\n<p>Fiataljaink kik\u00e9pz\u00e9se kiterjed a cserk\u00e9sztudom\u00e1nyokra, a magyar irodalomra, t\u00f6rt\u00e9nelemre, f\u00f6ldrajzra, a n\u00e9pi kult\u00far\u00e1nkra \u00e9s a jellemnevel\u00e9sre.\u00a0H\u00edresek akad\u00e1lyverseny-vet\u00e9lked\u0151ink, jubileumi \u00e9s vezet\u0151k\u00e9pz\u0151 t\u00e1boraink.\u00a0Kapcsolatot teremtett\u00fcnk az elszak\u00edtott ter\u00fcletek magyar cserk\u00e9szsz\u00f6vets\u00e9geivel, \u00e9s csereakci\u00f3kat is t\u00e1mogatunk.<\/p>\n<p><span style=\"color: #ff0000;\"><strong>Adom\u00e1nyok csekkben ki\u00e1ll\u00edthat\u00f3 \u00e9s bek\u00fcldhet\u0151 a k\u00f6vetkez\u0151 c\u00edmre<\/strong>:\u00a0\u00a0<\/span><\/p>\n<p>Hungarian Scout Fund,\u00a0P.O. Box\u00a0771571, Lakewood OH 44107.\u00a0\u00a0Jegyz\u00e9k:\u00a0 SSCs.park<\/p>\n<p style=\"text-align: left;\"><strong><span style=\"color: #ff0000;\">Adom\u00e1nyozz biztons\u00e1gosan PayPal rendszerrel:\u00a0<\/span><\/strong><\/p>\n<form action=\"https:\/\/www.paypal.com\/cgi-bin\/webscr\" method=\"post\" target=\"_top\"><input name=\"cmd\" type=\"hidden\" value=\"_s-xclick\" \/><br \/>\n<input name=\"hosted_button_id\" type=\"hidden\" value=\"SU6K8MVEHHXL4\" \/><br \/>\n<input title=\"PayPal - The safer, easier way to pay online!\" alt=\"Donate with PayPal button\" name=\"submit\" src=\"https:\/\/www.paypalobjects.com\/en_US\/i\/btn\/btn_donateCC_LG.gif\" type=\"image\" \/>\u00a0<\/form>\n<p>&nbsp;<\/p>\n<p style=\"text-align: center;\"><a href=\"http:\/\/sscspark.com\/wp-content\/uploads\/2012\/03\/Sik-Sandor-Cs.park-aug.-2013-135.jpg\"><img loading=\"lazy\" decoding=\"async\" class=\"size-large wp-image-555 aligncenter\" style=\"width: 768px; height: 610px;\" src=\"http:\/\/sscspark.com\/wp-content\/uploads\/2012\/03\/Sik-Sandor-Cs.park-aug.-2013-135-1024x768.jpg\" alt=\"Az \u00faj seg\u00e9dtisztk\u00e9pz\u0151 barakk 2013-ban \u00e9p\u00fclt a be\u00e9rkezet adom\u00e1nyokb\u00f3l. The new assistant troopleaders training barrack was built in 2013 with donated funds.\" width=\"640\" height=\"480\" srcset=\"http:\/\/sscspark.com\/wp-content\/uploads\/2012\/03\/Sik-Sandor-Cs.park-aug.-2013-135-1024x768.jpg 1024w, http:\/\/sscspark.com\/wp-content\/uploads\/2012\/03\/Sik-Sandor-Cs.park-aug.-2013-135-300x225.jpg 300w, http:\/\/sscspark.com\/wp-content\/uploads\/2012\/03\/Sik-Sandor-Cs.park-aug.-2013-135-150x112.jpg 150w, http:\/\/sscspark.com\/wp-content\/uploads\/2012\/03\/Sik-Sandor-Cs.park-aug.-2013-135-400x300.jpg 400w, http:\/\/sscspark.com\/wp-content\/uploads\/2012\/03\/Sik-Sandor-Cs.park-aug.-2013-135.jpg 2048w\" sizes=\"auto, (max-width: 640px) 100vw, 640px\" \/><\/a><em>Az \u00faj seg\u00e9dtisztk\u00e9pz\u0151 barakk 2013-ban \u00e9p\u00fclt a be\u00e9rkezett adom\u00e1nyokb\u00f3l.<\/em><\/p>\n","protected":false},"excerpt":{"rendered":"<p>Festm\u00e9nyek, t\u00e1rgyak v\u00e1s\u00e1rl\u00e1sa \u00e9s \u00e1rverez\u00e9se Adom\u00e1nygy\u0171jt\u00e9s szempontj\u00e1b\u00f3l\u00a0 megv\u00e1s\u00e1rolhat\u00f3 az al\u00e1bbi hat k\u00fcl\u00f6nb\u00f6z\u0151 k\u00e9p, amelyek a fillmorei S\u00edk S\u00e1ndor Cserk\u00e9szpark kedvenc helyeit \u00e1br\u00e1zolj\u00e1k: [&hellip;]<\/p>\n","protected":false},"author":2,"featured_media":0,"parent":0,"menu_order":0,"comment_status":"closed","ping_status":"closed","template":"","meta":{"footnotes":""},"class_list":["post-44","page","type-page","status-publish","hentry"],"_links":{"self":[{"href":"http:\/\/sscspark.com\/index.php?rest_route=\/wp\/v2\/pages\/44","targetHints":{"allow":["GET"]}}],"collection":[{"href":"http:\/\/sscspark.com\/index.php?rest_route=\/wp\/v2\/pages"}],"about":[{"href":"http:\/\/sscspark.com\/index.php?rest_route=\/wp\/v2\/types\/page"}],"author":[{"embeddable":true,"href":"http:\/\/sscspark.com\/index.php?rest_route=\/wp\/v2\/users\/2"}],"replies":[{"embeddable":true,"href":"http:\/\/sscspark.com\/index.php?rest_route=%2Fwp%2Fv2%2Fcomments&post=44"}],"version-history":[{"count":120,"href":"http:\/\/sscspark.com\/index.php?rest_route=\/wp\/v2\/pages\/44\/revisions"}],"predecessor-version":[{"id":1555,"href":"http:\/\/sscspark.com\/index.php?rest_route=\/wp\/v2\/pages\/44\/revisions\/1555"}],"wp:attachment":[{"href":"http:\/\/sscspark.com\/index.php?rest_route=%2Fwp%2Fv2%2Fmedia&parent=44"}],"curies":[{"name":"wp","href":"https:\/\/api.w.org\/{rel}","templated":true}]}}