{"id":1395,"date":"2022-03-11T10:14:47","date_gmt":"2022-03-11T10:14:47","guid":{"rendered":"http:\/\/sscspark.com\/?page_id=1395"},"modified":"2022-04-14T06:32:11","modified_gmt":"2022-04-14T06:32:11","slug":"park-tortenete","status":"publish","type":"page","link":"http:\/\/sscspark.com\/?page_id=1395","title":{"rendered":"Park t\u00f6rt\u00e9nete"},"content":{"rendered":"<p>A New York \u00e1llamban tal\u00e1lhat\u00f3 S\u00edk S\u00e1ndor Cserk\u00e9szpark \u00e9s a volt budapesti H\u00e1rshegyi Cserk\u00e9szpark t\u00f6rt\u00e9nete t\u00f6bb sz\u00e1lon is \u00f6sszekapcsol\u00f3dik.<\/p>\n<p>A H\u00e1rshegyi MCSSZ k\u00f6zponti t\u00e1bora a magyarorsz\u00e1gi vezet\u0151k\u00e9pz\u00e9s helysz\u00edne volt, ez napjainkban m\u00e1r a Sztrilich P\u00e1l Cserk\u00e9szparkban, az \u00fan. Julianna majorban t\u00f6rt\u00e9nik.<\/p>\n<p>Ugyan\u00edgy van ez a S\u00edk S\u00e1ndor KMCSSZ k\u00f6zponti t\u00e1bor\u00e1ban. A t\u00e1borok jelv\u00e9nye, a h\u00e1rslev\u00e9l a H\u00e1rs-hegy nev\u00e9b\u0151l ered. De hogyan kapcsol\u00f3dik \u00f6ssze a n\u00e9v \u00e9s a helysz\u00edn, ahol a t\u00e1bor fekszik?<\/p>\n<p>A S\u00edk S\u00e1ndor Cserk\u00e9szpark Nyugat-New York \u00e1llamban, Allegany megy\u00e9ben,\u00a0a Ganger Mountain Range\u00a0egyik magaslat\u00e1n, megk\u00f6zel\u00edt\u0151leg 1902 l\u00e1b (580 m\u00e9ter) magasan tal\u00e1lhat\u00f3. A t\u00e1bor legmagasabb pontja 2001 l\u00e1b (610 m), a k\u00f6rny\u00e9k legmagasabb pontja 2066 l\u00e1b (630 m). A Basswood Hill (H\u00e1rs-hegy) a 15-\u00f6s sz\u00e1m\u00fa m\u0171\u00faton d\u00e9l fel\u00e9 haladva, mintegy 11 km-re helyezkedik el. A Short Tract Rd. (r\u00e9gebben Basswood Hill Rd.) a hegyhez hasonl\u00f3an a h\u00e1rsf\u00e1kr\u00f3l kapta a nev\u00e9t.<\/p>\n<p>Az id\u0151k sor\u00e1n egyre nagyobb ig\u00e9ny mutatkozott k\u00f6zponti t\u00e1borhely l\u00e9tes\u00edt\u00e9s\u00e9re. A ter\u00fclet J. Garvey \u00fcgyv\u00e9d csal\u00e1dj\u00e1nak birtoka volt, amelyet minden ny\u00e1ron, t\u00f6bb \u00e9ven kereszt\u00fcl gondoztak, a telek t\u00f6bb r\u00e9sz\u00e9n f\u00e1kat \u00e9s erd\u0151ket telep\u00edtettek. 1963 v\u00e9g\u00e9n a Sz\u00f6vets\u00e9g megv\u00e1s\u00e1rolta a ter\u00fcletet, hogy otthont adhasson cserk\u00e9szeknek. A 2016-ban kib\u0151v\u00fclt park ter\u00fclete 58 \u00e9v eltelt\u00e9vel 167.6 acres (67.8 hekt\u00e1r, azaz 117 hold).<\/p>\n<p>A t\u00e1bor m\u0171k\u00f6d\u00e9s\u00e9t h\u00e1rom bej\u00e1rat, utak, hat f\u00fart k\u00fat, sz\u00e1mos \u00e9p\u00fclet \u00e9s \u00e9p\u00edtm\u00e9ny; v\u00edz-, villany-, telefon- \u00e9s internet-hozz\u00e1f\u00e9r\u00e9s seg\u00edtik.<em> (B\u0151vebben l\u00e1sd a Park \u00e9p\u00fcletei alatt!)<\/em><\/p>\n","protected":false},"excerpt":{"rendered":"<p>A New York \u00e1llamban tal\u00e1lhat\u00f3 S\u00edk S\u00e1ndor Cserk\u00e9szpark \u00e9s a volt budapesti H\u00e1rshegyi Cserk\u00e9szpark t\u00f6rt\u00e9nete t\u00f6bb sz\u00e1lon is \u00f6sszekapcsol\u00f3dik. A H\u00e1rshegyi MCSSZ [&hellip;]<\/p>\n","protected":false},"author":1,"featured_media":0,"parent":0,"menu_order":0,"comment_status":"closed","ping_status":"closed","template":"","meta":{"footnotes":""},"class_list":["post-1395","page","type-page","status-publish","hentry"],"_links":{"self":[{"href":"http:\/\/sscspark.com\/index.php?rest_route=\/wp\/v2\/pages\/1395","targetHints":{"allow":["GET"]}}],"collection":[{"href":"http:\/\/sscspark.com\/index.php?rest_route=\/wp\/v2\/pages"}],"about":[{"href":"http:\/\/sscspark.com\/index.php?rest_route=\/wp\/v2\/types\/page"}],"author":[{"embeddable":true,"href":"http:\/\/sscspark.com\/index.php?rest_route=\/wp\/v2\/users\/1"}],"replies":[{"embeddable":true,"href":"http:\/\/sscspark.com\/index.php?rest_route=%2Fwp%2Fv2%2Fcomments&post=1395"}],"version-history":[{"count":3,"href":"http:\/\/sscspark.com\/index.php?rest_route=\/wp\/v2\/pages\/1395\/revisions"}],"predecessor-version":[{"id":1535,"href":"http:\/\/sscspark.com\/index.php?rest_route=\/wp\/v2\/pages\/1395\/revisions\/1535"}],"wp:attachment":[{"href":"http:\/\/sscspark.com\/index.php?rest_route=%2Fwp%2Fv2%2Fmedia&parent=1395"}],"curies":[{"name":"wp","href":"https:\/\/api.w.org\/{rel}","templated":true}]}}