{"id":1386,"date":"2022-03-11T10:12:24","date_gmt":"2022-03-11T10:12:24","guid":{"rendered":"http:\/\/sscspark.com\/?page_id=1386"},"modified":"2022-03-17T08:45:00","modified_gmt":"2022-03-17T08:45:00","slug":"terkepek","status":"publish","type":"page","link":"http:\/\/sscspark.com\/?page_id=1386","title":{"rendered":"T\u00e9rk\u00e9pek"},"content":{"rendered":"<p><a href=\"http:\/\/sscspark.com\/wp-content\/uploads\/2022\/03\/terkep1.jpg\"><img loading=\"lazy\" decoding=\"async\" class=\"alignright size-full wp-image-1387\" src=\"http:\/\/sscspark.com\/wp-content\/uploads\/2022\/03\/terkep1.jpg\" alt=\"\" width=\"1366\" height=\"871\" srcset=\"http:\/\/sscspark.com\/wp-content\/uploads\/2022\/03\/terkep1.jpg 1366w, http:\/\/sscspark.com\/wp-content\/uploads\/2022\/03\/terkep1-300x191.jpg 300w, http:\/\/sscspark.com\/wp-content\/uploads\/2022\/03\/terkep1-1024x653.jpg 1024w, http:\/\/sscspark.com\/wp-content\/uploads\/2022\/03\/terkep1-768x490.jpg 768w, http:\/\/sscspark.com\/wp-content\/uploads\/2022\/03\/terkep1-920x587.jpg 920w, http:\/\/sscspark.com\/wp-content\/uploads\/2022\/03\/terkep1-230x147.jpg 230w, http:\/\/sscspark.com\/wp-content\/uploads\/2022\/03\/terkep1-350x223.jpg 350w, http:\/\/sscspark.com\/wp-content\/uploads\/2022\/03\/terkep1-480x306.jpg 480w\" sizes=\"auto, (max-width: 1366px) 100vw, 1366px\" \/><\/a><\/p>\n<p>&nbsp;<\/p>\n<p><a href=\"http:\/\/sscspark.com\/wp-content\/uploads\/2022\/03\/terkep2.jpg\"><img loading=\"lazy\" decoding=\"async\" class=\"alignright size-full wp-image-1388\" src=\"http:\/\/sscspark.com\/wp-content\/uploads\/2022\/03\/terkep2.jpg\" alt=\"\" width=\"1001\" height=\"898\" srcset=\"http:\/\/sscspark.com\/wp-content\/uploads\/2022\/03\/terkep2.jpg 1001w, http:\/\/sscspark.com\/wp-content\/uploads\/2022\/03\/terkep2-300x269.jpg 300w, http:\/\/sscspark.com\/wp-content\/uploads\/2022\/03\/terkep2-768x689.jpg 768w, http:\/\/sscspark.com\/wp-content\/uploads\/2022\/03\/terkep2-920x825.jpg 920w, http:\/\/sscspark.com\/wp-content\/uploads\/2022\/03\/terkep2-230x206.jpg 230w, http:\/\/sscspark.com\/wp-content\/uploads\/2022\/03\/terkep2-350x314.jpg 350w, http:\/\/sscspark.com\/wp-content\/uploads\/2022\/03\/terkep2-480x431.jpg 480w\" sizes=\"auto, (max-width: 1001px) 100vw, 1001px\" \/><\/a><\/p>\n<p>&nbsp;<\/p>\n<p>&nbsp;<\/p>\n<p>&nbsp;<\/p>\n<p><a href=\"http:\/\/sscspark.com\/wp-content\/uploads\/2022\/03\/terkep3.jpg\"><img loading=\"lazy\" decoding=\"async\" class=\"alignright size-full wp-image-1389\" src=\"http:\/\/sscspark.com\/wp-content\/uploads\/2022\/03\/terkep3.jpg\" alt=\"\" width=\"1030\" height=\"636\" srcset=\"http:\/\/sscspark.com\/wp-content\/uploads\/2022\/03\/terkep3.jpg 1030w, http:\/\/sscspark.com\/wp-content\/uploads\/2022\/03\/terkep3-300x185.jpg 300w, http:\/\/sscspark.com\/wp-content\/uploads\/2022\/03\/terkep3-1024x632.jpg 1024w, http:\/\/sscspark.com\/wp-content\/uploads\/2022\/03\/terkep3-768x474.jpg 768w, http:\/\/sscspark.com\/wp-content\/uploads\/2022\/03\/terkep3-920x568.jpg 920w, http:\/\/sscspark.com\/wp-content\/uploads\/2022\/03\/terkep3-230x142.jpg 230w, http:\/\/sscspark.com\/wp-content\/uploads\/2022\/03\/terkep3-350x216.jpg 350w, http:\/\/sscspark.com\/wp-content\/uploads\/2022\/03\/terkep3-480x296.jpg 480w\" sizes=\"auto, (max-width: 1030px) 100vw, 1030px\" \/><\/a><\/p>\n<p>&nbsp;<\/p>\n<p><strong>Megk\u00f6zel\u00edthet\u0151s\u00e9gek:<\/strong><\/p>\n<p><a href=\"http:\/\/sscspark.com\/wp-content\/uploads\/2022\/03\/terkep4.jpg\"><img loading=\"lazy\" decoding=\"async\" class=\"alignright size-full wp-image-1390\" src=\"http:\/\/sscspark.com\/wp-content\/uploads\/2022\/03\/terkep4.jpg\" alt=\"\" width=\"1147\" height=\"936\" srcset=\"http:\/\/sscspark.com\/wp-content\/uploads\/2022\/03\/terkep4.jpg 1147w, http:\/\/sscspark.com\/wp-content\/uploads\/2022\/03\/terkep4-300x245.jpg 300w, http:\/\/sscspark.com\/wp-content\/uploads\/2022\/03\/terkep4-1024x836.jpg 1024w, http:\/\/sscspark.com\/wp-content\/uploads\/2022\/03\/terkep4-768x627.jpg 768w, http:\/\/sscspark.com\/wp-content\/uploads\/2022\/03\/terkep4-920x751.jpg 920w, http:\/\/sscspark.com\/wp-content\/uploads\/2022\/03\/terkep4-230x188.jpg 230w, http:\/\/sscspark.com\/wp-content\/uploads\/2022\/03\/terkep4-350x286.jpg 350w, http:\/\/sscspark.com\/wp-content\/uploads\/2022\/03\/terkep4-480x392.jpg 480w\" sizes=\"auto, (max-width: 1147px) 100vw, 1147px\" \/><\/a><\/p>\n","protected":false},"excerpt":{"rendered":"<p>&nbsp; &nbsp; &nbsp; &nbsp; &nbsp; Megk\u00f6zel\u00edthet\u0151s\u00e9gek:<\/p>\n","protected":false},"author":1,"featured_media":0,"parent":0,"menu_order":0,"comment_status":"closed","ping_status":"closed","template":"","meta":{"footnotes":""},"class_list":["post-1386","page","type-page","status-publish","hentry"],"_links":{"self":[{"href":"http:\/\/sscspark.com\/index.php?rest_route=\/wp\/v2\/pages\/1386","targetHints":{"allow":["GET"]}}],"collection":[{"href":"http:\/\/sscspark.com\/index.php?rest_route=\/wp\/v2\/pages"}],"about":[{"href":"http:\/\/sscspark.com\/index.php?rest_route=\/wp\/v2\/types\/page"}],"author":[{"embeddable":true,"href":"http:\/\/sscspark.com\/index.php?rest_route=\/wp\/v2\/users\/1"}],"replies":[{"embeddable":true,"href":"http:\/\/sscspark.com\/index.php?rest_route=%2Fwp%2Fv2%2Fcomments&post=1386"}],"version-history":[{"count":3,"href":"http:\/\/sscspark.com\/index.php?rest_route=\/wp\/v2\/pages\/1386\/revisions"}],"predecessor-version":[{"id":1452,"href":"http:\/\/sscspark.com\/index.php?rest_route=\/wp\/v2\/pages\/1386\/revisions\/1452"}],"wp:attachment":[{"href":"http:\/\/sscspark.com\/index.php?rest_route=%2Fwp%2Fv2%2Fmedia&parent=1386"}],"curies":[{"name":"wp","href":"https:\/\/api.w.org\/{rel}","templated":true}]}}