{"id":1335,"date":"2022-03-10T11:40:49","date_gmt":"2022-03-10T11:40:49","guid":{"rendered":"http:\/\/sscspark.com\/?page_id=1335"},"modified":"2022-04-14T06:42:31","modified_gmt":"2022-04-14T06:42:31","slug":"aktualis","status":"publish","type":"page","link":"http:\/\/sscspark.com\/?page_id=1335","title":{"rendered":"Aktu\u00e1lis"},"content":{"rendered":"<p>Az utols\u00f3 k\u00e9t \u00e9v kimondottan neh\u00e9z volt a S\u00edk S\u00e1ndor Cserk\u00e9szpark\u00a0fejleszt\u00e9s\u00e9ben, illetve gondoz\u00e1s\u00e1ban. \u00c1tgondolva \u00e9s felm\u00e9rve a lehet\u0151s\u00e9geket, b\u00e1r lassabban haladva, de tov\u00e1bb folytattuk a tervez\u00e9si \u00e9s kivitelez\u00e9si munk\u00e1t. Szerencs\u00e9re voltak \u00e9s vannak \u00f6nk\u00e9ntesek, akik sz\u00edv\u00fck\u00f6n viselik a park j\u00f6v\u0151j\u00e9t. A m\u00e1r megl\u00e9v\u0151 rendszereket friss\u00edteni, m\u00f3dos\u00edtani vagy egyes esetekben p\u00f3tolni kellett; sz\u00e1molva a folyamatos term\u00e9szeti kih\u00edv\u00e1sokkal is. A munk\u00e1latok miatt a t\u00e1bor id\u0151k\u00f6z\u00f6nk\u00e9nt z\u00e1rva tart. Rem\u00e9lj\u00fck, min\u00e9l el\u0151bb t\u00e1rt kapukkal v\u00e1rhatjuk a cserk\u00e9szeket. Tov\u00e1bb\u00e1:<\/p>\n<ul>\n<li>a v\u00edzvezet\u00e9k a nyugati oldalon elk\u00e9sz\u00fclt, csak befed\u00e9sre v\u00e1r;<\/li>\n<li>\u00faj parkgondnokot kerest\u00fcnk. A r\u00e9gi lak\u00f3h\u00e1zat lecser\u00e9lt\u00fck, bevezett\u00fck a vizet, az \u00e1ramot, a telefont \u00e9s az internetet. A gondnok ter\u00fclet\u00e9t kitakar\u00edtottuk \u00e9s rendbe tett\u00fck.<\/li>\n<li>A t\u00e1bor teljes ter\u00fclet\u00e9n bevezett\u00fck az internet- \u00e9s wifihozz\u00e1f\u00e9r\u00e9st.<\/li>\n<\/ul>\n","protected":false},"excerpt":{"rendered":"<p>Az utols\u00f3 k\u00e9t \u00e9v kimondottan neh\u00e9z volt a S\u00edk S\u00e1ndor Cserk\u00e9szpark\u00a0fejleszt\u00e9s\u00e9ben, illetve gondoz\u00e1s\u00e1ban. \u00c1tgondolva \u00e9s felm\u00e9rve a lehet\u0151s\u00e9geket, b\u00e1r lassabban haladva, de [&hellip;]<\/p>\n","protected":false},"author":1,"featured_media":0,"parent":0,"menu_order":0,"comment_status":"closed","ping_status":"closed","template":"","meta":{"footnotes":""},"class_list":["post-1335","page","type-page","status-publish","hentry"],"_links":{"self":[{"href":"http:\/\/sscspark.com\/index.php?rest_route=\/wp\/v2\/pages\/1335","targetHints":{"allow":["GET"]}}],"collection":[{"href":"http:\/\/sscspark.com\/index.php?rest_route=\/wp\/v2\/pages"}],"about":[{"href":"http:\/\/sscspark.com\/index.php?rest_route=\/wp\/v2\/types\/page"}],"author":[{"embeddable":true,"href":"http:\/\/sscspark.com\/index.php?rest_route=\/wp\/v2\/users\/1"}],"replies":[{"embeddable":true,"href":"http:\/\/sscspark.com\/index.php?rest_route=%2Fwp%2Fv2%2Fcomments&post=1335"}],"version-history":[{"count":2,"href":"http:\/\/sscspark.com\/index.php?rest_route=\/wp\/v2\/pages\/1335\/revisions"}],"predecessor-version":[{"id":1538,"href":"http:\/\/sscspark.com\/index.php?rest_route=\/wp\/v2\/pages\/1335\/revisions\/1538"}],"wp:attachment":[{"href":"http:\/\/sscspark.com\/index.php?rest_route=%2Fwp%2Fv2%2Fmedia&parent=1335"}],"curies":[{"name":"wp","href":"https:\/\/api.w.org\/{rel}","templated":true}]}}