{"id":1223,"date":"2022-03-04T08:33:21","date_gmt":"2022-03-04T08:33:21","guid":{"rendered":"http:\/\/sscspark.com\/?page_id=1223"},"modified":"2022-03-04T08:33:21","modified_gmt":"2022-03-04T08:33:21","slug":"gyujtesi-akciok","status":"publish","type":"page","link":"http:\/\/sscspark.com\/?page_id=1223","title":{"rendered":"Gy\u0171jt\u00e9si akci\u00f3k"},"content":{"rendered":"<p><strong>Kedves Cserk\u00e9szbar\u00e1taink \u00e9s T\u00e1mogat\u00f3ink<\/strong>!<\/p>\n<p>&nbsp;<\/p>\n<p>59 \u00e9v telt el a S\u00edk S\u00e1ndor Cserk\u00e9szparknak az \u00e9let\u00e9ben. Akkor, 1964 ben mikor az es\u0151 t\u00e1boroz\u00e1sok zajlottak, \u00f3ri\u00e1si gondolat volt a t\u00e1bor j\u00f6v\u0151j\u00e9nek felrajzol\u00e1sa, tervez\u00e9se. Egy kis csoport, Bodn\u00e1r G\u00e1bor, Gerencs\u00e9r Istv\u00e1n atya, K\u0151v\u00e1ri, Lajos atya and Dr. N\u00e9methy Gy\u00f6rgy egyedi elhat\u00e1roz\u00e1ssal, majd k\u00f6z\u00f6s \u00f6sszefog\u00e1ssal megv\u00e1s\u00e1rolt\u00e1k a ter\u00fcletet. Tudat\u00e1ban voltak, hogy a t\u00e1bor fejleszt\u00e9se, kezel\u00e9se, gondoz\u00e1sa sok anyagit \u00e9s munk\u00e1t fog k\u00f6vetelni.<\/p>\n<p><a href=\"http:\/\/sscspark.com\/wp-content\/uploads\/2022\/02\/DSCN0261a.jpg\"><img loading=\"lazy\" decoding=\"async\" class=\"alignright size-medium wp-image-1207\" src=\"http:\/\/sscspark.com\/wp-content\/uploads\/2022\/02\/DSCN0261a-300x195.jpg\" alt=\"\" width=\"300\" height=\"195\" srcset=\"http:\/\/sscspark.com\/wp-content\/uploads\/2022\/02\/DSCN0261a-300x195.jpg 300w, http:\/\/sscspark.com\/wp-content\/uploads\/2022\/02\/DSCN0261a-1024x666.jpg 1024w, http:\/\/sscspark.com\/wp-content\/uploads\/2022\/02\/DSCN0261a-768x499.jpg 768w, http:\/\/sscspark.com\/wp-content\/uploads\/2022\/02\/DSCN0261a-1536x998.jpg 1536w, http:\/\/sscspark.com\/wp-content\/uploads\/2022\/02\/DSCN0261a-920x598.jpg 920w, http:\/\/sscspark.com\/wp-content\/uploads\/2022\/02\/DSCN0261a-230x150.jpg 230w, http:\/\/sscspark.com\/wp-content\/uploads\/2022\/02\/DSCN0261a-350x228.jpg 350w, http:\/\/sscspark.com\/wp-content\/uploads\/2022\/02\/DSCN0261a-480x312.jpg 480w, http:\/\/sscspark.com\/wp-content\/uploads\/2022\/02\/DSCN0261a.jpg 2000w\" sizes=\"auto, (max-width: 300px) 100vw, 300px\" \/><\/a>A k\u00e9pek tiszt\u00e1n mutatj\u00e1k a szebbn\u00e9l szebb \u00e9p\u00fcleteket, \u00e9p\u00edtm\u00e9nyeket\u00a0 \u00e9s sok minden m\u00e1st, ami a csod\u00e1san sz\u00e9p t\u00e1boroz\u00e1shoz ill\u0151 parkot alkotnak, de ezekb\u0151l neh\u00e9z felm\u00e9rni, hogy mennyi akarat, kem\u00e9ny munka \u00e9s anyagi kellett mindezt megteremteni.<\/p>\n<p>Most 2022-ben, a kih\u00edv\u00e1sok nem sz\u00fcnetelnek, \u00fajabb akad\u00e1lyokat kell \u00e1thidalni. A t\u00e1bor fenntart\u00e1sa \u00e9s karbantart\u00e1sa a K\u00fclf\u00f6ldi Magyar Cserk\u00e9szsz\u00f6vets\u00e9g legnagyobb \u00e9vi kiad\u00e1sa.<\/p>\n<p>K\u00f6zel hatvan \u00e9v alatt t\u00f6bb ezer cserk\u00e9sz t\u00e1borozott, v\u00e9gzett vezet\u0151k\u00e9pz\u0151 t\u00e1bort, Ny\u00e1ri Iskolat\u00e1bort, reg\u0151s t\u00e1bort vagy csapat t\u00e1bort a parkban. \u00a0A t\u00e1boroz\u00e1sok \u00e9vr\u0151l \u00e9vre megviselik a parkot,\u00a0 \u00e9s ez\u00e9rt meg kell teremteni az anyagi fedezeteket, illetve keresni a forr\u00e1sokat, hogy mindezt sikerrel elv\u00e9gezhess\u00fck.<\/p>\n<p>\u00cdgy teh\u00e1t, nagy sz\u00fcks\u00e9g van gy\u0171jt\u00e9s akci\u00f3kra, k\u00e9rve mindenkit, aki a sz\u00edv\u00e9n viseli a Magyar Cserk\u00e9szet folyamatos menet\u00e9t \u00e9s szeretne adakozni itt b\u00e1rmikor megteheti oldalunkon.<\/p>\n","protected":false},"excerpt":{"rendered":"<p>Kedves Cserk\u00e9szbar\u00e1taink \u00e9s T\u00e1mogat\u00f3ink! &nbsp; 59 \u00e9v telt el a S\u00edk S\u00e1ndor Cserk\u00e9szparknak az \u00e9let\u00e9ben. Akkor, 1964 ben mikor az es\u0151 t\u00e1boroz\u00e1sok [&hellip;]<\/p>\n","protected":false},"author":1,"featured_media":0,"parent":0,"menu_order":0,"comment_status":"closed","ping_status":"closed","template":"","meta":{"footnotes":""},"class_list":["post-1223","page","type-page","status-publish","hentry"],"_links":{"self":[{"href":"http:\/\/sscspark.com\/index.php?rest_route=\/wp\/v2\/pages\/1223","targetHints":{"allow":["GET"]}}],"collection":[{"href":"http:\/\/sscspark.com\/index.php?rest_route=\/wp\/v2\/pages"}],"about":[{"href":"http:\/\/sscspark.com\/index.php?rest_route=\/wp\/v2\/types\/page"}],"author":[{"embeddable":true,"href":"http:\/\/sscspark.com\/index.php?rest_route=\/wp\/v2\/users\/1"}],"replies":[{"embeddable":true,"href":"http:\/\/sscspark.com\/index.php?rest_route=%2Fwp%2Fv2%2Fcomments&post=1223"}],"version-history":[{"count":1,"href":"http:\/\/sscspark.com\/index.php?rest_route=\/wp\/v2\/pages\/1223\/revisions"}],"predecessor-version":[{"id":1224,"href":"http:\/\/sscspark.com\/index.php?rest_route=\/wp\/v2\/pages\/1223\/revisions\/1224"}],"wp:attachment":[{"href":"http:\/\/sscspark.com\/index.php?rest_route=%2Fwp%2Fv2%2Fmedia&parent=1223"}],"curies":[{"name":"wp","href":"https:\/\/api.w.org\/{rel}","templated":true}]}}