{"id":1217,"date":"2022-03-03T08:38:48","date_gmt":"2022-03-03T08:38:48","guid":{"rendered":"http:\/\/sscspark.com\/?page_id=1217"},"modified":"2022-04-14T06:31:31","modified_gmt":"2022-04-14T06:31:31","slug":"park-adatai","status":"publish","type":"page","link":"http:\/\/sscspark.com\/?page_id=1217","title":{"rendered":"Park adatai"},"content":{"rendered":"<p><strong>A KMCSSZ S\u00edk S\u00e1ndor Cserk\u00e9szpark P\u00e1ndi Gy\u00f6rgy (New Jersey) \u00e1ltal k\u00e9sz\u00edtett t\u00e1bl\u00e1ja a park f\u0151bej\u00e1rat\u00e1n\u00e1l l\u00e1that\u00f3. A stiliz\u00e1lt t\u00e1bor jelv\u00e9nye a magyar z\u00e1szl\u00f3ra utal, a kereszt\u00e9ny hit \u00e9s a cserk\u00e9sz liliom a term\u00e9szet sz\u00e9ps\u00e9g\u00e9t foglalja egys\u00e9gbe.<\/strong><\/p>\n<p style=\"text-align: center;\">\u00a0<a href=\"http:\/\/sscspark.com\/wp-content\/uploads\/2021\/05\/tabla.jpg\"><img loading=\"lazy\" decoding=\"async\" class=\"size-full wp-image-791 alignnone\" src=\"http:\/\/sscspark.com\/wp-content\/uploads\/2021\/05\/tabla.jpg\" alt=\"\" width=\"194\" height=\"259\" \/><\/a> <a href=\"http:\/\/sscspark.com\/wp-content\/uploads\/2021\/05\/cropped-SScspark_Logo-1.jpg\"><img loading=\"lazy\" decoding=\"async\" class=\"wp-image-1052 alignnone\" src=\"http:\/\/sscspark.com\/wp-content\/uploads\/2021\/05\/cropped-SScspark_Logo-1.jpg\" alt=\"\" width=\"259\" height=\"259\" srcset=\"http:\/\/sscspark.com\/wp-content\/uploads\/2021\/05\/cropped-SScspark_Logo-1.jpg 512w, http:\/\/sscspark.com\/wp-content\/uploads\/2021\/05\/cropped-SScspark_Logo-1-300x300.jpg 300w, http:\/\/sscspark.com\/wp-content\/uploads\/2021\/05\/cropped-SScspark_Logo-1-150x150.jpg 150w, http:\/\/sscspark.com\/wp-content\/uploads\/2021\/05\/cropped-SScspark_Logo-1-270x270.jpg 270w, http:\/\/sscspark.com\/wp-content\/uploads\/2021\/05\/cropped-SScspark_Logo-1-192x192.jpg 192w, http:\/\/sscspark.com\/wp-content\/uploads\/2021\/05\/cropped-SScspark_Logo-1-180x180.jpg 180w, http:\/\/sscspark.com\/wp-content\/uploads\/2021\/05\/cropped-SScspark_Logo-1-32x32.jpg 32w\" sizes=\"auto, (max-width: 259px) 100vw, 259px\" \/><\/a><\/p>\n<p>&nbsp;<\/p>\n<p><strong>A K\u00fclf\u00f6ldi Magyar Cserk\u00e9szsz\u00f6vets\u00e9g vezet\u0151k\u00e9pz\u0151 t\u00e1boroknak, ny\u00e1ri magyar iskolai t\u00e1boroknak, reg\u00f6s h\u00e9tv\u00e9geknek, jubileumi t\u00e1boroknak ad otthont, \u00e9s magyar cserk\u00e9szcsapatoknak k\u00f6zponti t\u00e1borhelyek\u00e9nt szolg\u00e1l.<em>\u00a0\u00a0<\/em><\/strong><\/p>\n<p><strong><em> \u00a0<\/em><\/strong><\/p>\n<p><strong>T\u00e1bor c\u00edme<\/strong>: 10993 County Road 15, Fillmore, NY. 14735 USA<\/p>\n<p><strong>Posta<\/strong>:\u00a0 5098 Robinson Road, Fillmore, NY. 14735 USA<\/p>\n<p><strong>Telefon<\/strong>: (585) 567-4849<\/p>\n<p><strong>E-mail C\u00edm<\/strong>:\u00a0 sscspark@gmail.com<\/p>\n<p><strong>WEB<\/strong>: SSCSPARK.com<\/p>\n<p>&nbsp;<\/p>\n<p><strong><u>T<\/u><\/strong><strong><u>\u00c1BOR SZAB\u00c1LYZAT<\/u><\/strong><\/p>\n<p><strong><u>Fontos: <\/u><\/strong><strong><em>A szab\u00e1lyzat kiv\u00e9tel n\u00e9lk\u00fcl minden t\u00e1boroz\u00f3ra vonatkozik.<\/em><\/strong><\/p>\n<p>&nbsp;<\/p>\n<ol>\n<li style=\"list-style-type: none;\">\n<ol>\n<li><a href=\"https:\/\/kmcssz.org\/site\/wp-content\/uploads\/2021\/05\/CampManualRevised2021-1-1.pdf\" target=\"_blank\" rel=\"noopener\">Camp Manual Sik Sandor (fel\u00faj\u00edtott 2020)<\/a>\n<ul>\n<li><em>Az \u00faj koronav\u00edrus okozta j\u00e1rv\u00e1ny terjed\u00e9s\u00e9nek megakad\u00e1lyoz\u00e1sa \u00e9rdek\u00e9ben a korl\u00e1toz\u00f3 int\u00e9zked\u00e9sek betart\u00e1s\u00e1ra k\u00fcl\u00f6n\u00f6s figyelmet kell ford\u00edtani. Jelenleg \u00e9rv\u00e9nyben l\u00e9v\u0151 ir\u00e1nyelveink let\u00f6lt\u00e9se: <a href=\"https:\/\/kmcssz.org\/site\/wp-content\/uploads\/2021\/05\/CampManualCOVID19Addendum.pdf\" target=\"_blank\" rel=\"noopener\">COVID -19 k\u00f6vetelm\u00e9nyek &#8211; f\u00fcggel\u00e9k<\/a><\/em><\/li>\n<\/ul>\n<\/li>\n<li><a href=\"http:\/\/www.kmcssz.org\/contents\/kiadvanyok\/urlapok\/camp_health_form_2011_.pdf\">Camp Health Form (2011)<\/a><\/li>\n<li><a href=\"http:\/\/www.kmcssz.org\/contents\/kiadvanyok\/urlapok\/camper_medications_orders_form_2011_.pdf\">Camper Medications Order Form (2011)<\/a><\/li>\n<li><a href=\"http:\/\/www.kmcssz.org\/contents\/kiadvanyok\/urlapok\/504_tabor_545_egeszsegugy_taborozas_szabalyai.doc\">Eg\u00e9szs\u00e9g\u00fcgy \u2013 T\u00e1boroz\u00e1s szab\u00e1lyai<\/a><\/li>\n<li><a href=\"http:\/\/www.kmcssz.org\/contents\/kiadvanyok\/urlapok\/meningitis_vaccination_form_2011_.pdf\">Meningitis Vaccination Form (2011)<\/a><\/li>\n<li><a href=\"http:\/\/www.kmcssz.org\/contents\/kiadvanyok\/urlapok\/sik_sandor_meningitis_szuloi_level_2005.doc\">S\u00edk S\u00e1ndor meningitis sz\u00fcl\u0151i lev\u00e9l 2005<\/a><\/li>\n<li><a href=\"http:\/\/www.kmcssz.org\/contents\/kiadvanyok\/urlapok\/sik_sandor_meningitis_vaccination_form_2005.doc\">S\u00edk S\u00e1ndor meningitis vaccination form 2005<\/a><\/li>\n<li><a href=\"http:\/\/www.kmcssz.org\/contents\/kiadvanyok\/urlapok\/504_tabor_1882_sertes_influenza_level_szuloknek_magyarul_.doc\">Sert\u00e9s influenza lev\u00e9l sz\u00fcl\u0151knek (magyarul)<\/a><\/li>\n<li><a href=\"http:\/\/www.kmcssz.org\/contents\/kiadvanyok\/urlapok\/504_tabor_1881_sertes_influenza_szuloknek_kitoltendo_angolul_.doc\">Sert\u00e9s influenza sz\u00fcl\u0151knek kit\u00f6ltend\u0151 <em>(Flu Symptom Checklist for Parents and Camp Staff &#8211; english)<\/em><\/a><\/li>\n<li><a href=\"http:\/\/www.kmcssz.org\/contents\/kiadvanyok\/urlapok\/504_tabor_1880_sertes_influenza_szuloknek_level_angolul_.doc\">Sert\u00e9s influenza sz\u00fcl\u0151knek lev\u00e9l (Letter from Camp Operator to Parents of Children Coming to Camp &#8211; english)<\/a><\/li>\n<li><a href=\"http:\/\/www.kmcssz.org\/contents\/kiadvanyok\/urlapok\/taborozas_engedely_es_jelentes.zip\">T\u00e1boroz\u00e1sra enged\u00e9lyk\u00e9r\u00e9s \u00e9s t\u00e1borz\u00e1r\u00f3 jelent\u00e9s<\/a><\/li>\n<li><a href=\"http:\/\/www.kmcssz.org\/contents\/kiadvanyok\/urlapok\/altalanos_tabori_napirend.html\" target=\"_blank\" rel=\"noopener noreferrer\">\u00c1ltal\u00e1nos t\u00e1bori napirend (eg\u00e9sz t\u00e1bor idej\u00e9re)<\/a><\/li>\n<li><a href=\"http:\/\/www.kmcssz.org\/contents\/kiadvanyok\/urlapok\/taborzaras.html\" target=\"_blank\" rel=\"noopener noreferrer\">T\u00e1borz\u00e1r\u00e1si jelent\u00e9s<\/a><\/li>\n<li><a href=\"https:\/\/kmcssz.org\/site\/wp-content\/uploads\/2020\/11\/HATARATLEPESI-LEVEL-V-KERULET-RESZERE-20-NOV.pdf\" target=\"_blank\" rel=\"noopener noreferrer\">Hat\u00e1r\u00e1tl\u00e9p\u00e9si enged\u00e9ly az V. ker\u00fclet r\u00e9sz\u00e9re<\/a><\/li>\n<\/ol>\n<\/li>\n<\/ol>\n","protected":false},"excerpt":{"rendered":"<p>A KMCSSZ S\u00edk S\u00e1ndor Cserk\u00e9szpark P\u00e1ndi Gy\u00f6rgy (New Jersey) \u00e1ltal k\u00e9sz\u00edtett t\u00e1bl\u00e1ja a park f\u0151bej\u00e1rat\u00e1n\u00e1l l\u00e1that\u00f3. A stiliz\u00e1lt t\u00e1bor jelv\u00e9nye a magyar [&hellip;]<\/p>\n","protected":false},"author":1,"featured_media":0,"parent":0,"menu_order":0,"comment_status":"closed","ping_status":"closed","template":"","meta":{"footnotes":""},"class_list":["post-1217","page","type-page","status-publish","hentry"],"_links":{"self":[{"href":"http:\/\/sscspark.com\/index.php?rest_route=\/wp\/v2\/pages\/1217","targetHints":{"allow":["GET"]}}],"collection":[{"href":"http:\/\/sscspark.com\/index.php?rest_route=\/wp\/v2\/pages"}],"about":[{"href":"http:\/\/sscspark.com\/index.php?rest_route=\/wp\/v2\/types\/page"}],"author":[{"embeddable":true,"href":"http:\/\/sscspark.com\/index.php?rest_route=\/wp\/v2\/users\/1"}],"replies":[{"embeddable":true,"href":"http:\/\/sscspark.com\/index.php?rest_route=%2Fwp%2Fv2%2Fcomments&post=1217"}],"version-history":[{"count":6,"href":"http:\/\/sscspark.com\/index.php?rest_route=\/wp\/v2\/pages\/1217\/revisions"}],"predecessor-version":[{"id":1534,"href":"http:\/\/sscspark.com\/index.php?rest_route=\/wp\/v2\/pages\/1217\/revisions\/1534"}],"wp:attachment":[{"href":"http:\/\/sscspark.com\/index.php?rest_route=%2Fwp%2Fv2%2Fmedia&parent=1217"}],"curies":[{"name":"wp","href":"https:\/\/api.w.org\/{rel}","templated":true}]}}